{"id":713,"date":"2020-01-22T00:04:22","date_gmt":"2020-01-22T00:04:22","guid":{"rendered":"https:\/\/demo.shadow-themes.com\/wp\/ashade\/?page_id=34"},"modified":"2025-06-18T18:46:13","modified_gmt":"2025-06-18T16:46:13","slug":"contactez-moi","status":"publish","type":"page","link":"https:\/\/jeanchristopheromera-photographie.com\/index.php\/contactez-moi\/","title":{"rendered":"Contactez-moi"},"content":{"rendered":"\t\t<div data-elementor-type=\"wp-page\" data-elementor-id=\"713\" class=\"elementor elementor-713\">\n\t\t\t\t\t\t<section class=\"elementor-section elementor-top-section elementor-element elementor-element-161a975 elementor-section-boxed elementor-section-height-default elementor-section-height-default\" data-id=\"161a975\" data-element_type=\"section\" data-e-type=\"section\">\n\t\t\t\t\t\t<div class=\"elementor-container elementor-column-gap-default\">\n\t\t\t\t\t<div class=\"elementor-column elementor-col-16 elementor-top-column elementor-element elementor-element-9bf9ee7 elementor-hidden-tablet elementor-hidden-phone\" data-id=\"9bf9ee7\" data-element_type=\"column\" data-e-type=\"column\">\n\t\t\t<div class=\"elementor-widget-wrap\">\n\t\t\t\t\t\t\t<\/div>\n\t\t<\/div>\n\t\t\t\t<div class=\"elementor-column elementor-col-66 elementor-top-column elementor-element elementor-element-2a57914\" data-id=\"2a57914\" data-element_type=\"column\" data-e-type=\"column\">\n\t\t\t<div class=\"elementor-widget-wrap elementor-element-populated\">\n\t\t\t\t\t\t<div class=\"elementor-element elementor-element-1a90824 elementor-widget elementor-widget-text-editor\" data-id=\"1a90824\" data-element_type=\"widget\" data-e-type=\"widget\" data-widget_type=\"text-editor.default\">\n\t\t\t\t\t\t\t\t\t<p>&#8220;Une connexion, pas une pose&#8221;<\/p>\t\t\t\t\t\t\t\t<\/div>\n\t\t\t\t<div class=\"elementor-element elementor-element-d64ced7 elementor-widget elementor-widget-text-editor\" data-id=\"d64ced7\" data-element_type=\"widget\" data-e-type=\"widget\" data-widget_type=\"text-editor.default\">\n\t\t\t\t\t\t\t\t\t<p>Derri\u00e8re chaque projet, une histoire \u00e0 r\u00e9v\u00e9ler. \u00c9cris-moi quelques lignes \u2014 et faisons na\u00eetre ensemble une image qui vous ressemble.<\/p>\t\t\t\t\t\t\t\t<\/div>\n\t\t\t\t\t<\/div>\n\t\t<\/div>\n\t\t\t\t<div class=\"elementor-column elementor-col-16 elementor-top-column elementor-element elementor-element-484a37f elementor-hidden-tablet elementor-hidden-phone\" data-id=\"484a37f\" data-element_type=\"column\" data-e-type=\"column\">\n\t\t\t<div class=\"elementor-widget-wrap\">\n\t\t\t\t\t\t\t<\/div>\n\t\t<\/div>\n\t\t\t\t\t<\/div>\n\t\t<\/section>\n\t\t\t\t<section class=\"elementor-section elementor-top-section elementor-element elementor-element-3d79bff elementor-section-boxed elementor-section-height-default elementor-section-height-default\" data-id=\"3d79bff\" data-element_type=\"section\" data-e-type=\"section\">\n\t\t\t\t\t\t<div class=\"elementor-container elementor-column-gap-default\">\n\t\t\t\t\t<div class=\"elementor-column elementor-col-33 elementor-top-column elementor-element elementor-element-3a03237d\" data-id=\"3a03237d\" data-element_type=\"column\" data-e-type=\"column\">\n\t\t\t<div class=\"elementor-widget-wrap elementor-element-populated\">\n\t\t\t\t\t\t<div class=\"elementor-element elementor-element-19a42d2e elementor-widget elementor-widget-heading\" data-id=\"19a42d2e\" data-element_type=\"widget\" data-e-type=\"widget\" data-widget_type=\"heading.default\">\n\t\t\t\t\t<h4 class=\"elementor-heading-title elementor-size-default\"><span>Mes contacts et R\u00e9seaux sociaux <\/span>CONTACTEZ-MOI<\/h4>\t\t\t\t<\/div>\n\t\t\t\t<div class=\"elementor-element elementor-element-27e64fbe elementor-widget elementor-widget-wp-widget-shadow_contacts_widget\" data-id=\"27e64fbe\" data-element_type=\"widget\" data-e-type=\"widget\" data-widget_type=\"wp-widget-shadow_contacts_widget.default\">\n\t\t\t\t<div class=\"elementor-widget-container\">\n\t\t\t\t\t<div class=\"ashade-widget--contacts\">\n\t\t<ul class=\"ashade-contact-details__list has-labels\">\n\t<li>\n\t\t\t<i class=\"ashade-contact-icon asiade-icon--location\"><\/i>\n\t\t\tGrande rue \u00e0 BUTHIERS\n\t\t<\/li><li>\n\t\t\t\t<i class=\"ashade-contact-icon asiade-icon--email\"><\/i>\n\t\t\t\t<a href=\"mailto:contact@jeanchristopheromera-photographie.com\">contact@jeanchristopheromera-photographie.com<\/a>\n\t\t\t<\/li><li>\n\t\t\t\t<i class=\"ashade-contact-icon asiade-icon--phone\"><\/i>\n\t\t\t\t<a href=\"tel:0623117432\">06 23 11 74 32<\/a>\n\t\t\t<\/li><li class=\"ashade-contact-socials\">\n\t\t\t\t<i class=\"ashade-contact-icon asiade-icon--socials\"><\/i>\n\t\t\t\t\t<a class=\"ashade-social--linkedin is-icon\" href=\"https:\/\/www.linkedin.com\/company\/jeanchristopheromera-photographie\/about\/\" target=\"_blank\"><svg xmlns=\"http:\/\/www.w3.org\/2000\/svg\" width=\"100\" height=\"100\" viewBox=\"0 0 100 100\">\n\t\t\t\t\t\t\t<path id=\"linkedin-square\" d=\"M92.857,32H7.121A7.174,7.174,0,0,0,0,39.21v85.58A7.174,7.174,0,0,0,7.121,132H92.857A7.193,7.193,0,0,0,100,124.79V39.21A7.193,7.193,0,0,0,92.857,32ZM30.223,117.714H15.4V69.991H30.246v47.723ZM22.813,63.473a8.594,8.594,0,1,1,8.594-8.594A8.6,8.6,0,0,1,22.813,63.473Zm62.969,54.241H70.96V94.5c0-5.536-.112-12.656-7.7-12.656-7.723,0-8.906,6.027-8.906,12.254v23.616H39.531V69.991H53.75v6.518h.2c1.987-3.75,6.83-7.7,14.04-7.7,15,0,17.79,9.888,17.79,22.746Z\" transform=\"translate(0 -32)\" fill=\"#fff\"\/>\n\t\t\t\t\t\t  <\/svg><\/a>\n\t\t\t\t\t<a class=\"ashade-social--instagram is-icon\" href=\"https:\/\/www.instagram.com\/jcr_photographie\/\" target=\"_blank\"><svg xmlns=\"http:\/\/www.w3.org\/2000\/svg\" width=\"100\" height=\"100\" viewBox=\"0 0 100 100\">\n\t\t\t\t\t\t\t<path id=\"instagram-square\" d=\"M90-1080H10a10.011,10.011,0,0,1-10-10v-80a10.011,10.011,0,0,1,10-10H90a10.011,10.011,0,0,1,10,10v80A10.011,10.011,0,0,1,90-1080Zm-39.5-87c-6.679,0-12.606.1-15.469.263-7.005.333-11.851,2.2-15.711,6.04-3.835,3.821-5.7,8.667-6.057,15.711-.352,6.216-.352,24.721,0,30.938.333,7.024,2.2,11.869,6.057,15.71s8.7,5.706,15.711,6.057c2.867.163,8.794.264,15.468.264s12.6-.1,15.468-.264c7.024-.333,11.87-2.2,15.711-6.057,3.836-3.835,5.7-8.681,6.057-15.71.352-6.213.352-24.708,0-30.92-.333-7.024-2.2-11.87-6.057-15.711-3.836-3.836-8.682-5.7-15.711-6.057C63.106-1166.9,57.179-1167,50.5-1167Zm6.638,68.273c-1.4,0-2.747-.014-3.937-.026H53.18c-.971-.01-1.889-.019-2.672-.019s-1.709.009-2.614.018c-1.166.011-2.487.024-3.863.024-5.024,0-12.109-.16-15.625-1.547a12.666,12.666,0,0,1-7.128-7.128c-1.679-4.233-1.586-13.379-1.525-19.431.01-.974.019-1.895.019-2.671s-.009-1.662-.018-2.614c-.058-6.075-.146-15.256,1.523-19.489a12.663,12.663,0,0,1,7.128-7.127c3.505-1.391,10.51-1.552,15.474-1.552,1.4,0,2.746.014,3.936.026h.022c.971.01,1.888.019,2.671.019s1.709-.009,2.614-.018c1.166-.011,2.487-.024,3.863-.024,5.024,0,12.11.161,15.627,1.548a12.666,12.666,0,0,1,7.128,7.127c1.679,4.234,1.586,13.38,1.525,19.431-.01.975-.019,1.9-.019,2.672s.009,1.7.019,2.672c.061,6.058.154,15.212-1.525,19.431a12.671,12.671,0,0,1-7.128,7.128C69.106-1098.888,62.1-1098.727,57.138-1098.727Zm-6.63-50.006a19.246,19.246,0,0,0-19.224,19.225,19.246,19.246,0,0,0,19.224,19.225,19.247,19.247,0,0,0,19.225-19.225A19.247,19.247,0,0,0,50.508-1148.733ZM70.52-1154a4.489,4.489,0,0,0-4.484,4.484,4.489,4.489,0,0,0,4.484,4.484A4.489,4.489,0,0,0,75-1149.52,4.489,4.489,0,0,0,70.52-1154ZM50.508-1117.01a12.512,12.512,0,0,1-12.5-12.5,12.513,12.513,0,0,1,12.5-12.5,12.513,12.513,0,0,1,12.5,12.5A12.513,12.513,0,0,1,50.508-1117.01Z\" transform=\"translate(0 1180)\" fill=\"#fff\"\/>\n\t\t\t\t\t\t  <\/svg><\/a><\/li>\t<\/ul>\n<\/div>\t\t\t\t<\/div>\n\t\t\t\t<\/div>\n\t\t\t\t\t<\/div>\n\t\t<\/div>\n\t\t\t\t<div class=\"elementor-column elementor-col-66 elementor-top-column elementor-element elementor-element-1f0ab0ca\" data-id=\"1f0ab0ca\" data-element_type=\"column\" data-e-type=\"column\">\n\t\t\t<div class=\"elementor-widget-wrap elementor-element-populated\">\n\t\t\t\t\t\t<div class=\"elementor-element elementor-element-1aa2173b elementor-widget elementor-widget-shortcode\" data-id=\"1aa2173b\" data-element_type=\"widget\" data-e-type=\"widget\" data-widget_type=\"shortcode.default\">\n\t\t\t\t\t\t\t<div class=\"elementor-shortcode\">\n<div class=\"wpcf7 no-js\" id=\"wpcf7-f721-o1\" lang=\"en-US\" dir=\"ltr\" data-wpcf7-id=\"721\">\n<div class=\"screen-reader-response\"><p role=\"status\" aria-live=\"polite\" aria-atomic=\"true\"><\/p> <ul><\/ul><\/div>\n<form action=\"\/index.php\/wp-json\/wp\/v2\/pages\/713#wpcf7-f721-o1\" method=\"post\" class=\"wpcf7-form init\" aria-label=\"Contact form\" novalidate=\"novalidate\" data-status=\"init\">\n<fieldset class=\"hidden-fields-container\"><input type=\"hidden\" name=\"_wpcf7\" value=\"721\" \/><input type=\"hidden\" name=\"_wpcf7_version\" value=\"6.1.5\" \/><input type=\"hidden\" name=\"_wpcf7_locale\" value=\"en_US\" \/><input type=\"hidden\" name=\"_wpcf7_unit_tag\" value=\"wpcf7-f721-o1\" \/><input type=\"hidden\" name=\"_wpcf7_container_post\" value=\"0\" \/><input type=\"hidden\" name=\"_wpcf7_posted_data_hash\" value=\"\" \/>\n<\/fieldset>\n<div class=\"ashade-row ashade-small-gap\">\n\t<div class=\"ashade-col col-4\">\n\t\t<p><span class=\"wpcf7-form-control-wrap\" data-name=\"your-name\"><input size=\"40\" maxlength=\"400\" class=\"wpcf7-form-control wpcf7-text wpcf7-validates-as-required\" aria-required=\"true\" aria-invalid=\"false\" placeholder=\"Votre Nom\" value=\"\" type=\"text\" name=\"your-name\" \/><\/span>\n\t\t<\/p>\n\t<\/div>\n\t<div class=\"ashade-col col-4\">\n\t\t<p><span class=\"wpcf7-form-control-wrap\" data-name=\"your-email\"><input size=\"40\" maxlength=\"400\" class=\"wpcf7-form-control wpcf7-email wpcf7-validates-as-required wpcf7-text wpcf7-validates-as-email\" aria-required=\"true\" aria-invalid=\"false\" placeholder=\"Votre Mail\" value=\"\" type=\"email\" name=\"your-email\" \/><\/span>\n\t\t<\/p>\n\t<\/div>\n\t<div class=\"ashade-col col-4\">\n\t\t<p><span class=\"wpcf7-form-control-wrap\" data-name=\"your-tel\"><input size=\"40\" maxlength=\"400\" class=\"wpcf7-form-control wpcf7-tel wpcf7-validates-as-required wpcf7-text wpcf7-validates-as-tel\" aria-required=\"true\" aria-invalid=\"false\" placeholder=\"Votre t\u00e9l\u00e9phone\" value=\"\" type=\"tel\" name=\"your-tel\" \/><\/span>\n\t\t<\/p>\n\t<\/div>\n<\/div>\n<div class=\"ashade-form-textarea\">\n\t<p><span class=\"wpcf7-form-control-wrap\" data-name=\"your-message\"><textarea cols=\"40\" rows=\"10\" maxlength=\"2000\" class=\"wpcf7-form-control wpcf7-textarea\" aria-invalid=\"false\" placeholder=\"Votre Message\" name=\"your-message\"><\/textarea><\/span>\n\t<\/p>\n<\/div>\n<div class=\"align-right\">\n\t<p><input class=\"wpcf7-form-control wpcf7-submit has-spinner\" type=\"submit\" value=\"Envoyer le Message\" \/>\n\t<\/p>\n<\/div><div class=\"wpcf7-response-output\" aria-hidden=\"true\"><\/div>\n<\/form>\n<\/div>\n<\/div>\n\t\t\t\t\t\t<\/div>\n\t\t\t\t\t<\/div>\n\t\t<\/div>\n\t\t\t\t\t<\/div>\n\t\t<\/section>\n\t\t\t\t<\/div>\n\t\t","protected":false},"excerpt":{"rendered":"<p>&#8220;Une connexion, pas une pose&#8221; Derri\u00e8re chaque projet, une histoire \u00e0 r\u00e9v\u00e9ler. \u00c9cris-moi quelques lignes \u2014 et faisons na\u00eetre ensemble une image qui vous ressemble. Mes contacts et R\u00e9seaux sociaux CONTACTEZ-MOI<\/p>\n","protected":false},"author":2,"featured_media":0,"parent":0,"menu_order":0,"comment_status":"closed","ping_status":"closed","template":"","meta":{"jetpack_post_was_ever_published":false,"footnotes":""},"class_list":["post-713","page","type-page","status-publish","hentry"],"jetpack_sharing_enabled":true,"_links":{"self":[{"href":"https:\/\/jeanchristopheromera-photographie.com\/index.php\/wp-json\/wp\/v2\/pages\/713","targetHints":{"allow":["GET"]}}],"collection":[{"href":"https:\/\/jeanchristopheromera-photographie.com\/index.php\/wp-json\/wp\/v2\/pages"}],"about":[{"href":"https:\/\/jeanchristopheromera-photographie.com\/index.php\/wp-json\/wp\/v2\/types\/page"}],"author":[{"embeddable":true,"href":"https:\/\/jeanchristopheromera-photographie.com\/index.php\/wp-json\/wp\/v2\/users\/2"}],"replies":[{"embeddable":true,"href":"https:\/\/jeanchristopheromera-photographie.com\/index.php\/wp-json\/wp\/v2\/comments?post=713"}],"version-history":[{"count":40,"href":"https:\/\/jeanchristopheromera-photographie.com\/index.php\/wp-json\/wp\/v2\/pages\/713\/revisions"}],"predecessor-version":[{"id":1610,"href":"https:\/\/jeanchristopheromera-photographie.com\/index.php\/wp-json\/wp\/v2\/pages\/713\/revisions\/1610"}],"wp:attachment":[{"href":"https:\/\/jeanchristopheromera-photographie.com\/index.php\/wp-json\/wp\/v2\/media?parent=713"}],"curies":[{"name":"wp","href":"https:\/\/api.w.org\/{rel}","templated":true}]}}