{"id":196,"date":"2020-01-25T09:03:59","date_gmt":"2020-01-25T09:03:59","guid":{"rendered":"https:\/\/demo.shadow-themes.com\/wp\/ashade\/?page_id=196"},"modified":"2025-06-20T21:18:44","modified_gmt":"2025-06-20T19:18:44","slug":"my-services","status":"publish","type":"page","link":"https:\/\/jeanchristopheromera-photographie.com\/index.php\/my-services\/","title":{"rendered":"Mes offres"},"content":{"rendered":"\t\t<div data-elementor-type=\"wp-page\" data-elementor-id=\"196\" class=\"elementor elementor-196\">\n\t\t\t\t<div class=\"elementor-element elementor-element-df9a4f5 e-flex e-con-boxed e-con e-parent\" data-id=\"df9a4f5\" data-element_type=\"container\" data-e-type=\"container\">\n\t\t\t\t\t<div class=\"e-con-inner\">\n\t\t\t\t<div class=\"elementor-element elementor-element-886af72 elementor-widget elementor-widget-heading\" data-id=\"886af72\" data-element_type=\"widget\" data-e-type=\"widget\" data-widget_type=\"heading.default\">\n\t\t\t\t\t<h2 class=\"elementor-heading-title elementor-size-default\"><span>D\u00e9couvrez mes offres...<\/span>...de shooting et de formation<\/h2>\t\t\t\t<\/div>\n\t\t\t\t\t<\/div>\n\t\t\t\t<\/div>\n\t\t\t\t<section class=\"elementor-section elementor-top-section elementor-element elementor-element-c0ffc8e elementor-section-boxed elementor-section-height-default elementor-section-height-default\" data-id=\"c0ffc8e\" data-element_type=\"section\" data-e-type=\"section\">\n\t\t\t\t\t\t<div class=\"elementor-container elementor-column-gap-default\">\n\t\t\t\t\t<div class=\"elementor-column elementor-col-100 elementor-top-column elementor-element elementor-element-09ef250\" data-id=\"09ef250\" data-element_type=\"column\" data-e-type=\"column\">\n\t\t\t<div class=\"elementor-widget-wrap elementor-element-populated\">\n\t\t\t\t\t\t<div class=\"elementor-element elementor-element-3b21bde elementor-widget elementor-widget-text-editor\" data-id=\"3b21bde\" data-element_type=\"widget\" data-e-type=\"widget\" data-widget_type=\"text-editor.default\">\n\t\t\t\t\t\t\t\t\t<h6><strong>Pourquoi choisir de travailler ensemble ? <\/strong><\/h6><p><span style=\"font-weight: 400;\">Si vous cherchez simplement une photo fig\u00e9e, je ne suis pas le bon photographe. <\/span><span style=\"font-weight: 400;\">Mais si vous voulez partager une exp\u00e9rience, vivre une rencontre, r\u00e9v\u00e9ler ce que vous avez de plus vivant, alors nous pourrons cr\u00e9er ensemble des images qui vous ressemblent, et qui vous marqueront longtemps.<\/span><\/p>\t\t\t\t\t\t\t\t<\/div>\n\t\t\t\t\t<\/div>\n\t\t<\/div>\n\t\t\t\t\t<\/div>\n\t\t<\/section>\n\t\t\t\t<section class=\"elementor-section elementor-top-section elementor-element elementor-element-5296722 elementor-section-boxed elementor-section-height-default elementor-section-height-default\" data-id=\"5296722\" data-element_type=\"section\" data-e-type=\"section\">\n\t\t\t\t\t\t<div class=\"elementor-container elementor-column-gap-default\">\n\t\t\t\t\t<div class=\"elementor-column elementor-col-100 elementor-top-column elementor-element elementor-element-3c2469f\" data-id=\"3c2469f\" data-element_type=\"column\" data-e-type=\"column\">\n\t\t\t<div class=\"elementor-widget-wrap elementor-element-populated\">\n\t\t\t\t\t\t<div class=\"elementor-element elementor-element-dab6b16 shadowcore-infocard-layout--horizontal shadowcore-caption-above--yes shadowcore-swap-head--no shadowcore-swap-cotent--no elementor-widget elementor-widget-shadow-info-card-grid\" data-id=\"dab6b16\" data-element_type=\"widget\" data-e-type=\"widget\" data-widget_type=\"shadow-info-card-grid.default\">\n\t\t\t\t<div class=\"elementor-widget-container\">\n\t\t\t\t\t\t\t<div class=\"shadowcore-service-card-grid\">\n\t\t\t\t\t<div class=\"shadowcore-service-card\">\n\t\t\t\t<div class=\"shadowcore-service-card__head\">\n\t\t\t\t\t<div class=\"shadowcore-service-card__image\">\n\t\t\t\t\t\t<div class=\"shadowcore-gallery-image shadowcore-div-image\" data-src=\"https:\/\/i0.wp.com\/jeanchristopheromera-photographie.com\/wp-content\/uploads\/2025\/06\/shooting_portraits_eclat-4.jpg?fit=1024%2C683&#038;ssl=1\">\n\t\t\t\t\t\t\t\t\t\t\t\t\t\t<img \n\t\t\t\t\t\t\t\tsrc=\"data:image\/svg+xml,%3Csvg%20xmlns='http:\/\/www.w3.org\/2000\/svg'%20viewBox='0%200%20512%20512'%3E%3C\/svg%3E\"\n\t\t\t\t\t\t\t\talt=\"shooting_portraits_eclat (4)\">\n\t\t\t\t\t\t\t\t\t\t\t\t\t<\/div>\n\t\t\t\t\t<\/div>\n\t\t\t\t\t<div class=\"shadowcore-service-card__label\">\n\t\t\t\t\t\t<span> Une s\u00e9ance \u00e9l\u00e9gante et lumineuse pour r\u00e9v\u00e9ler votre sensualit\u00e9<\/span>\n\t\t\t\t\t\t\u00c9CLAT \u2013 Osez briller\t\t\t\t\t\t<span> Une s\u00e9ance \u00e9l\u00e9gante et lumineuse pour r\u00e9v\u00e9ler votre sensualit\u00e9<\/span>\n\t\t\t\t\t<\/div>\n\t\t\t\t<\/div><!-- .shadowcore-service-card__head -->\n\t\t\t\t<div class=\"shadowcore-service-card__content\">\n\t\t\t\t\tVous avez en vous une lumi\u00e8re que vous ne voyez peut-\u00eatre pas encore.\n Une \u00e9l\u00e9gance naturelle, une sensualit\u00e9 douce, une puissance tranquille.\n La s\u00e9ance \u00c9clat, c\u2019est un moment pour vous \u2014 pour vous reconnecter \u00e0 ce feu int\u00e9rieur, celui qui vous rend unique...\t\t\t\t\t\n\t\t\t\t\t\t<div class=\"shadowcore-service-card__link\">\n\t\t\t\t\t\t\t<a href=\"\/index.php\/eclat\" target=\"_self\"  class=\"shadowcore-service-card__link--text\">VOIR L&#039;OFFRE DE SHOOTING<\/a>\n\t\t\t\t\t\t<\/div>\t\t\t\t<\/div><!-- .shadowcore-service-card__content -->\n\t\t\t\t\t\t\t<\/div><!-- .shadowcore-service-card -->\n\t\t\t\t\t\t<div class=\"shadowcore-service-card\">\n\t\t\t\t<div class=\"shadowcore-service-card__head\">\n\t\t\t\t\t<div class=\"shadowcore-service-card__image\">\n\t\t\t\t\t\t<div class=\"shadowcore-gallery-image shadowcore-div-image\" data-src=\"https:\/\/i0.wp.com\/jeanchristopheromera-photographie.com\/wp-content\/uploads\/2025\/06\/shooting_portrait_eveil-7.jpg?fit=683%2C1024&#038;ssl=1\">\n\t\t\t\t\t\t\t\t\t\t\t\t\t\t<img \n\t\t\t\t\t\t\t\tsrc=\"data:image\/svg+xml,%3Csvg%20xmlns='http:\/\/www.w3.org\/2000\/svg'%20viewBox='0%200%20512%20512'%3E%3C\/svg%3E\"\n\t\t\t\t\t\t\t\talt=\"shooting_portrait_eveil (7)\">\n\t\t\t\t\t\t\t\t\t\t\t\t\t<\/div>\n\t\t\t\t\t<\/div>\n\t\t\t\t\t<div class=\"shadowcore-service-card__label\">\n\t\t\t\t\t\t<span>(Re)d\u00e9couvrez votre beaut\u00e9. Une s\u00e9ance comme retour \u00e0 vous-m\u00eame<\/span>\n\t\t\t\t\t\t\u00c9VEIL \u2013 Se d\u00e9couvrir\t\t\t\t\t\t<span>(Re)d\u00e9couvrez votre beaut\u00e9. Une s\u00e9ance comme retour \u00e0 vous-m\u00eame<\/span>\n\t\t\t\t\t<\/div>\n\t\t\t\t<\/div><!-- .shadowcore-service-card__head -->\n\t\t\t\t<div class=\"shadowcore-service-card__content\">\n\t\t\t\t\t Il y a parfois un \u00e9cart entre ce qu\u2019on est\u2026 et ce qu\u2019on voit de soi.\n On oublie sa lumi\u00e8re, on se juge, on se cache.\n\u00c9veil est une s\u00e9ance pens\u00e9e pour que vous puissiez vous red\u00e9couvrir autrement, \u00e0 travers un regard bienveillant, sinc\u00e8re, humain.\n\t\t\t\t\t\n\t\t\t\t\t\t<div class=\"shadowcore-service-card__link\">\n\t\t\t\t\t\t\t<a href=\"index.phph\/eveil\/\" target=\"_self\"  class=\"shadowcore-service-card__link--text\">VOIR L&#039;OFFRE DE SHOOTING<\/a>\n\t\t\t\t\t\t<\/div>\t\t\t\t<\/div><!-- .shadowcore-service-card__content -->\n\t\t\t\t\t\t\t<\/div><!-- .shadowcore-service-card -->\n\t\t\t\t\t\t<div class=\"shadowcore-service-card\">\n\t\t\t\t<div class=\"shadowcore-service-card__head\">\n\t\t\t\t\t<div class=\"shadowcore-service-card__image\">\n\t\t\t\t\t\t<div class=\"shadowcore-gallery-image shadowcore-div-image\" data-src=\"https:\/\/i0.wp.com\/jeanchristopheromera-photographie.com\/wp-content\/uploads\/2025\/06\/Couv_envol.jpg?fit=683%2C1024&#038;ssl=1\">\n\t\t\t\t\t\t\t\t\t\t\t\t\t\t<img \n\t\t\t\t\t\t\t\tsrc=\"data:image\/svg+xml,%3Csvg%20xmlns='http:\/\/www.w3.org\/2000\/svg'%20viewBox='0%200%20512%20512'%3E%3C\/svg%3E\"\n\t\t\t\t\t\t\t\talt=\"Couv_envol\">\n\t\t\t\t\t\t\t\t\t\t\t\t\t<\/div>\n\t\t\t\t\t<\/div>\n\t\t\t\t\t<div class=\"shadowcore-service-card__label\">\n\t\t\t\t\t\t<span>Un accompagnement bienveillant pour affirmer votre regard et trouver votre voie<\/span>\n\t\t\t\t\t\t L\u2019ENVOL \u2013 Coaching photographique\t\t\t\t\t\t<span>Un accompagnement bienveillant pour affirmer votre regard et trouver votre voie<\/span>\n\t\t\t\t\t<\/div>\n\t\t\t\t<\/div><!-- .shadowcore-service-card__head -->\n\t\t\t\t<div class=\"shadowcore-service-card__content\">\n\t\t\t\t\t Vous aimez la photo, mais vous doutez parfois de vous. Vous cherchez votre style, votre direction, votre \u00e9lan.\n L\u2019Envol est un coaching pens\u00e9 pour vous \u2014 photographes en herbe ou passionn\u00e9\u00b7es en qu\u00eate de sens.\t\t\t\t\t\n\t\t\t\t\t\t<div class=\"shadowcore-service-card__link\">\n\t\t\t\t\t\t\t<a href=\"\/index.php\/envol\/\" target=\"_self\"  class=\"shadowcore-service-card__link--text\">VOIR L&#039;OFFRE DE FORMATION<\/a>\n\t\t\t\t\t\t<\/div>\t\t\t\t<\/div><!-- .shadowcore-service-card__content -->\n\t\t\t\t\t\t\t<\/div><!-- .shadowcore-service-card -->\n\t\t\t\t\t<\/div><!-- .shadowcore-service-card-grid -->\n\t\t\t\t\t\t<\/div>\n\t\t\t\t<\/div>\n\t\t\t\t\t<\/div>\n\t\t<\/div>\n\t\t\t\t\t<\/div>\n\t\t<\/section>\n\t\t\t\t<section class=\"elementor-section elementor-top-section elementor-element elementor-element-16940e6 elementor-section-boxed elementor-section-height-default elementor-section-height-default\" data-id=\"16940e6\" data-element_type=\"section\" data-e-type=\"section\">\n\t\t\t\t\t\t<div class=\"elementor-container elementor-column-gap-default\">\n\t\t\t\t\t<div class=\"elementor-column elementor-col-100 elementor-top-column elementor-element elementor-element-783a60a\" data-id=\"783a60a\" data-element_type=\"column\" data-e-type=\"column\">\n\t\t\t<div class=\"elementor-widget-wrap elementor-element-populated\">\n\t\t\t\t\t\t<div class=\"elementor-element elementor-element-f4ad4f3 elementor-widget elementor-widget-heading\" data-id=\"f4ad4f3\" data-element_type=\"widget\" data-e-type=\"widget\" data-widget_type=\"heading.default\">\n\t\t\t\t\t<h3 class=\"elementor-heading-title elementor-size-default\"><span>Pour des projets r\u00e9ussis<\/span>\nMES COMPETENCES<\/h3>\t\t\t\t<\/div>\n\t\t\t\t\t<\/div>\n\t\t<\/div>\n\t\t\t\t\t<\/div>\n\t\t<\/section>\n\t\t\t\t<section class=\"elementor-section elementor-top-section elementor-element elementor-element-dcaeefc elementor-section-boxed elementor-section-height-default elementor-section-height-default\" data-id=\"dcaeefc\" data-element_type=\"section\" data-e-type=\"section\">\n\t\t\t\t\t\t<div class=\"elementor-container elementor-column-gap-default\">\n\t\t\t\t\t<div class=\"elementor-column elementor-col-25 elementor-top-column elementor-element elementor-element-b802777\" data-id=\"b802777\" data-element_type=\"column\" data-e-type=\"column\">\n\t\t\t<div class=\"elementor-widget-wrap elementor-element-populated\">\n\t\t\t\t\t\t<div class=\"elementor-element elementor-element-0ae2abb shadowcore-progress-state--yes elementor-widget elementor-widget-shadow-circle-progress\" data-id=\"0ae2abb\" data-element_type=\"widget\" data-e-type=\"widget\" data-widget_type=\"shadow-circle-progress.default\">\n\t\t\t\t<div class=\"elementor-widget-container\">\n\t\t\t\t\t\t\t<div class=\"shadowcore-progress-item\" data-delay=\"3000\" data-percent=\"92\">\n\t\t\t<div class=\"shadowcore-progress-item-wrap\">\n\t\t\t\t<svg \n\t\t\t\t\twidth=\"150\" \n\t\t\t\t\theight=\"150\" \n\t\t\t\t\tversion=\"1.1\" xmlns=\"http:\/\/www.w3.org\/2000\/svg\">\n\t\t\t\t\t<circle \n\t\t\t\t\t\tclass=\"shadowcore-progress-circle--bg\" \n\t\t\t\t\t\tr=\"70\" \n\t\t\t\t\t\tcx=\"75\" \n\t\t\t\t\t\tcy=\"75\" \n\t\t\t\t\t\tfill=\"transparent\" \n\t\t\t\t\t\tstroke-dasharray=\"439.82\" \n\t\t\t\t\t\tstroke-dashoffset=\"0\">\n\t\t\t\t\t<\/circle>\n\t\t\t\t\t<circle \n\t\t\t\t\t\tclass=\"shadowcore-progress-circle--bar\" \n\t\t\t\t\t\ttransform=\"rotate(-90, 75, 75)\"\n\t\t\t\t\t\tr=\"70\" \n\t\t\t\t\t\tcx=\"75\" \n\t\t\t\t\t\tcy=\"75\" \n\t\t\t\t\t\tfill=\"transparent\" \n\t\t\t\t\t\tstroke-dasharray=\"439.82\" \n\t\t\t\t\t\tstroke-dashoffset=\"439.82\">\n\t\t\t\t\t<\/circle>\n\t\t\t\t<\/svg>\n                <span class=\"shadowcore-progress-counter\">92<\/span>\n\t\t\t<\/div>\n\t\t\t<span class=\"shadowcore-progress-label\">Shooting portraits<\/span>\t\t<\/div>\n\t\t\t\t\t\t<\/div>\n\t\t\t\t<\/div>\n\t\t\t\t\t<\/div>\n\t\t<\/div>\n\t\t\t\t<div class=\"elementor-column elementor-col-25 elementor-top-column elementor-element elementor-element-40dbf84\" data-id=\"40dbf84\" data-element_type=\"column\" data-e-type=\"column\">\n\t\t\t<div class=\"elementor-widget-wrap elementor-element-populated\">\n\t\t\t\t\t\t<div class=\"elementor-element elementor-element-9b7da63 shadowcore-progress-state--yes elementor-widget elementor-widget-shadow-circle-progress\" data-id=\"9b7da63\" data-element_type=\"widget\" data-e-type=\"widget\" data-widget_type=\"shadow-circle-progress.default\">\n\t\t\t\t<div class=\"elementor-widget-container\">\n\t\t\t\t\t\t\t<div class=\"shadowcore-progress-item\" data-delay=\"3000\" data-percent=\"80\">\n\t\t\t<div class=\"shadowcore-progress-item-wrap\">\n\t\t\t\t<svg \n\t\t\t\t\twidth=\"150\" \n\t\t\t\t\theight=\"150\" \n\t\t\t\t\tversion=\"1.1\" xmlns=\"http:\/\/www.w3.org\/2000\/svg\">\n\t\t\t\t\t<circle \n\t\t\t\t\t\tclass=\"shadowcore-progress-circle--bg\" \n\t\t\t\t\t\tr=\"70\" \n\t\t\t\t\t\tcx=\"75\" \n\t\t\t\t\t\tcy=\"75\" \n\t\t\t\t\t\tfill=\"transparent\" \n\t\t\t\t\t\tstroke-dasharray=\"439.82\" \n\t\t\t\t\t\tstroke-dashoffset=\"0\">\n\t\t\t\t\t<\/circle>\n\t\t\t\t\t<circle \n\t\t\t\t\t\tclass=\"shadowcore-progress-circle--bar\" \n\t\t\t\t\t\ttransform=\"rotate(-90, 75, 75)\"\n\t\t\t\t\t\tr=\"70\" \n\t\t\t\t\t\tcx=\"75\" \n\t\t\t\t\t\tcy=\"75\" \n\t\t\t\t\t\tfill=\"transparent\" \n\t\t\t\t\t\tstroke-dasharray=\"439.82\" \n\t\t\t\t\t\tstroke-dashoffset=\"439.82\">\n\t\t\t\t\t<\/circle>\n\t\t\t\t<\/svg>\n                <span class=\"shadowcore-progress-counter\">80<\/span>\n\t\t\t<\/div>\n\t\t\t<span class=\"shadowcore-progress-label\">Cr\u00e9ativit\u00e9<\/span>\t\t<\/div>\n\t\t\t\t\t\t<\/div>\n\t\t\t\t<\/div>\n\t\t\t\t\t<\/div>\n\t\t<\/div>\n\t\t\t\t<div class=\"elementor-column elementor-col-25 elementor-top-column elementor-element elementor-element-06a91df\" data-id=\"06a91df\" data-element_type=\"column\" data-e-type=\"column\">\n\t\t\t<div class=\"elementor-widget-wrap elementor-element-populated\">\n\t\t\t\t\t\t<div class=\"elementor-element elementor-element-18b89f1 shadowcore-progress-state--yes elementor-widget elementor-widget-shadow-circle-progress\" data-id=\"18b89f1\" data-element_type=\"widget\" data-e-type=\"widget\" data-widget_type=\"shadow-circle-progress.default\">\n\t\t\t\t<div class=\"elementor-widget-container\">\n\t\t\t\t\t\t\t<div class=\"shadowcore-progress-item\" data-delay=\"3000\" data-percent=\"95\">\n\t\t\t<div class=\"shadowcore-progress-item-wrap\">\n\t\t\t\t<svg \n\t\t\t\t\twidth=\"150\" \n\t\t\t\t\theight=\"150\" \n\t\t\t\t\tversion=\"1.1\" xmlns=\"http:\/\/www.w3.org\/2000\/svg\">\n\t\t\t\t\t<circle \n\t\t\t\t\t\tclass=\"shadowcore-progress-circle--bg\" \n\t\t\t\t\t\tr=\"70\" \n\t\t\t\t\t\tcx=\"75\" \n\t\t\t\t\t\tcy=\"75\" \n\t\t\t\t\t\tfill=\"transparent\" \n\t\t\t\t\t\tstroke-dasharray=\"439.82\" \n\t\t\t\t\t\tstroke-dashoffset=\"0\">\n\t\t\t\t\t<\/circle>\n\t\t\t\t\t<circle \n\t\t\t\t\t\tclass=\"shadowcore-progress-circle--bar\" \n\t\t\t\t\t\ttransform=\"rotate(-90, 75, 75)\"\n\t\t\t\t\t\tr=\"70\" \n\t\t\t\t\t\tcx=\"75\" \n\t\t\t\t\t\tcy=\"75\" \n\t\t\t\t\t\tfill=\"transparent\" \n\t\t\t\t\t\tstroke-dasharray=\"439.82\" \n\t\t\t\t\t\tstroke-dashoffset=\"439.82\">\n\t\t\t\t\t<\/circle>\n\t\t\t\t<\/svg>\n                <span class=\"shadowcore-progress-counter\">95<\/span>\n\t\t\t<\/div>\n\t\t\t<span class=\"shadowcore-progress-label\">Technique photo<\/span>\t\t<\/div>\n\t\t\t\t\t\t<\/div>\n\t\t\t\t<\/div>\n\t\t\t\t\t<\/div>\n\t\t<\/div>\n\t\t\t\t<div class=\"elementor-column elementor-col-25 elementor-top-column elementor-element elementor-element-5fe5ba3\" data-id=\"5fe5ba3\" data-element_type=\"column\" data-e-type=\"column\">\n\t\t\t<div class=\"elementor-widget-wrap elementor-element-populated\">\n\t\t\t\t\t\t<div class=\"elementor-element elementor-element-394e3d7 shadowcore-progress-state--yes elementor-widget elementor-widget-shadow-circle-progress\" data-id=\"394e3d7\" data-element_type=\"widget\" data-e-type=\"widget\" data-widget_type=\"shadow-circle-progress.default\">\n\t\t\t\t<div class=\"elementor-widget-container\">\n\t\t\t\t\t\t\t<div class=\"shadowcore-progress-item\" data-delay=\"3000\" data-percent=\"87\">\n\t\t\t<div class=\"shadowcore-progress-item-wrap\">\n\t\t\t\t<svg \n\t\t\t\t\twidth=\"150\" \n\t\t\t\t\theight=\"150\" \n\t\t\t\t\tversion=\"1.1\" xmlns=\"http:\/\/www.w3.org\/2000\/svg\">\n\t\t\t\t\t<circle \n\t\t\t\t\t\tclass=\"shadowcore-progress-circle--bg\" \n\t\t\t\t\t\tr=\"70\" \n\t\t\t\t\t\tcx=\"75\" \n\t\t\t\t\t\tcy=\"75\" \n\t\t\t\t\t\tfill=\"transparent\" \n\t\t\t\t\t\tstroke-dasharray=\"439.82\" \n\t\t\t\t\t\tstroke-dashoffset=\"0\">\n\t\t\t\t\t<\/circle>\n\t\t\t\t\t<circle \n\t\t\t\t\t\tclass=\"shadowcore-progress-circle--bar\" \n\t\t\t\t\t\ttransform=\"rotate(-90, 75, 75)\"\n\t\t\t\t\t\tr=\"70\" \n\t\t\t\t\t\tcx=\"75\" \n\t\t\t\t\t\tcy=\"75\" \n\t\t\t\t\t\tfill=\"transparent\" \n\t\t\t\t\t\tstroke-dasharray=\"439.82\" \n\t\t\t\t\t\tstroke-dashoffset=\"439.82\">\n\t\t\t\t\t<\/circle>\n\t\t\t\t<\/svg>\n                <span class=\"shadowcore-progress-counter\">87<\/span>\n\t\t\t<\/div>\n\t\t\t<span class=\"shadowcore-progress-label\">Bienveillance<\/span>\t\t<\/div>\n\t\t\t\t\t\t<\/div>\n\t\t\t\t<\/div>\n\t\t\t\t\t<\/div>\n\t\t<\/div>\n\t\t\t\t\t<\/div>\n\t\t<\/section>\n\t\t\t\t<section class=\"elementor-section elementor-top-section elementor-element elementor-element-1e73b64e elementor-section-boxed elementor-section-height-default elementor-section-height-default\" data-id=\"1e73b64e\" data-element_type=\"section\" data-e-type=\"section\">\n\t\t\t\t\t\t<div class=\"elementor-container elementor-column-gap-default\">\n\t\t\t\t\t<div class=\"elementor-column elementor-col-33 elementor-top-column elementor-element elementor-element-3a055d70\" data-id=\"3a055d70\" data-element_type=\"column\" data-e-type=\"column\">\n\t\t\t<div class=\"elementor-widget-wrap elementor-element-populated\">\n\t\t\t\t\t\t<div class=\"elementor-element elementor-element-766890d7 elementor-widget elementor-widget-heading\" data-id=\"766890d7\" data-element_type=\"widget\" data-e-type=\"widget\" data-widget_type=\"heading.default\">\n\t\t\t\t\t<h4 class=\"elementor-heading-title elementor-size-default\"><span>Un projet ?<\/span>Contactez-moi<\/h4>\t\t\t\t<\/div>\n\t\t\t\t<div class=\"elementor-element elementor-element-5cc9011e elementor-widget elementor-widget-wp-widget-shadow_contacts_widget\" data-id=\"5cc9011e\" data-element_type=\"widget\" data-e-type=\"widget\" data-widget_type=\"wp-widget-shadow_contacts_widget.default\">\n\t\t\t\t<div class=\"elementor-widget-container\">\n\t\t\t\t\t<div class=\"ashade-widget--contacts\">\n\t\t<ul class=\"ashade-contact-details__list has-labels\">\n\t<li>\n\t\t\t<i class=\"ashade-contact-icon asiade-icon--location\"><\/i>\n\t\t\tButhier\n\t\t<\/li><li class=\"ashade-contact-socials\">\n\t\t\t\t<i class=\"ashade-contact-icon asiade-icon--socials\"><\/i>\n\t\t\t\t\t<a class=\"ashade-social--linkedin is-icon\" href=\"https:\/\/www.linkedin.com\/company\/jeanchristopheromera-photographie\/about\/\" target=\"_blank\"><svg xmlns=\"http:\/\/www.w3.org\/2000\/svg\" width=\"100\" height=\"100\" viewBox=\"0 0 100 100\">\n\t\t\t\t\t\t\t<path id=\"linkedin-square\" d=\"M92.857,32H7.121A7.174,7.174,0,0,0,0,39.21v85.58A7.174,7.174,0,0,0,7.121,132H92.857A7.193,7.193,0,0,0,100,124.79V39.21A7.193,7.193,0,0,0,92.857,32ZM30.223,117.714H15.4V69.991H30.246v47.723ZM22.813,63.473a8.594,8.594,0,1,1,8.594-8.594A8.6,8.6,0,0,1,22.813,63.473Zm62.969,54.241H70.96V94.5c0-5.536-.112-12.656-7.7-12.656-7.723,0-8.906,6.027-8.906,12.254v23.616H39.531V69.991H53.75v6.518h.2c1.987-3.75,6.83-7.7,14.04-7.7,15,0,17.79,9.888,17.79,22.746Z\" transform=\"translate(0 -32)\" fill=\"#fff\"\/>\n\t\t\t\t\t\t  <\/svg><\/a>\n\t\t\t\t\t<a class=\"ashade-social--instagram is-icon\" href=\"https:\/\/www.instagram.com\/jcr_photographie\/\" target=\"_blank\"><svg xmlns=\"http:\/\/www.w3.org\/2000\/svg\" width=\"100\" height=\"100\" viewBox=\"0 0 100 100\">\n\t\t\t\t\t\t\t<path id=\"instagram-square\" d=\"M90-1080H10a10.011,10.011,0,0,1-10-10v-80a10.011,10.011,0,0,1,10-10H90a10.011,10.011,0,0,1,10,10v80A10.011,10.011,0,0,1,90-1080Zm-39.5-87c-6.679,0-12.606.1-15.469.263-7.005.333-11.851,2.2-15.711,6.04-3.835,3.821-5.7,8.667-6.057,15.711-.352,6.216-.352,24.721,0,30.938.333,7.024,2.2,11.869,6.057,15.71s8.7,5.706,15.711,6.057c2.867.163,8.794.264,15.468.264s12.6-.1,15.468-.264c7.024-.333,11.87-2.2,15.711-6.057,3.836-3.835,5.7-8.681,6.057-15.71.352-6.213.352-24.708,0-30.92-.333-7.024-2.2-11.87-6.057-15.711-3.836-3.836-8.682-5.7-15.711-6.057C63.106-1166.9,57.179-1167,50.5-1167Zm6.638,68.273c-1.4,0-2.747-.014-3.937-.026H53.18c-.971-.01-1.889-.019-2.672-.019s-1.709.009-2.614.018c-1.166.011-2.487.024-3.863.024-5.024,0-12.109-.16-15.625-1.547a12.666,12.666,0,0,1-7.128-7.128c-1.679-4.233-1.586-13.379-1.525-19.431.01-.974.019-1.895.019-2.671s-.009-1.662-.018-2.614c-.058-6.075-.146-15.256,1.523-19.489a12.663,12.663,0,0,1,7.128-7.127c3.505-1.391,10.51-1.552,15.474-1.552,1.4,0,2.746.014,3.936.026h.022c.971.01,1.888.019,2.671.019s1.709-.009,2.614-.018c1.166-.011,2.487-.024,3.863-.024,5.024,0,12.11.161,15.627,1.548a12.666,12.666,0,0,1,7.128,7.127c1.679,4.234,1.586,13.38,1.525,19.431-.01.975-.019,1.9-.019,2.672s.009,1.7.019,2.672c.061,6.058.154,15.212-1.525,19.431a12.671,12.671,0,0,1-7.128,7.128C69.106-1098.888,62.1-1098.727,57.138-1098.727Zm-6.63-50.006a19.246,19.246,0,0,0-19.224,19.225,19.246,19.246,0,0,0,19.224,19.225,19.247,19.247,0,0,0,19.225-19.225A19.247,19.247,0,0,0,50.508-1148.733ZM70.52-1154a4.489,4.489,0,0,0-4.484,4.484,4.489,4.489,0,0,0,4.484,4.484A4.489,4.489,0,0,0,75-1149.52,4.489,4.489,0,0,0,70.52-1154ZM50.508-1117.01a12.512,12.512,0,0,1-12.5-12.5,12.513,12.513,0,0,1,12.5-12.5,12.513,12.513,0,0,1,12.5,12.5A12.513,12.513,0,0,1,50.508-1117.01Z\" transform=\"translate(0 1180)\" fill=\"#fff\"\/>\n\t\t\t\t\t\t  <\/svg><\/a><\/li>\t<\/ul>\n<\/div>\t\t\t\t<\/div>\n\t\t\t\t<\/div>\n\t\t\t\t\t<\/div>\n\t\t<\/div>\n\t\t\t\t<div class=\"elementor-column elementor-col-66 elementor-top-column elementor-element elementor-element-66989c54\" data-id=\"66989c54\" data-element_type=\"column\" data-e-type=\"column\">\n\t\t\t<div class=\"elementor-widget-wrap elementor-element-populated\">\n\t\t\t\t\t\t<div class=\"elementor-element elementor-element-3f4dd980 elementor-widget elementor-widget-shortcode\" data-id=\"3f4dd980\" data-element_type=\"widget\" data-e-type=\"widget\" data-widget_type=\"shortcode.default\">\n\t\t\t\t\t\t\t<div class=\"elementor-shortcode\">\n<div class=\"wpcf7 no-js\" id=\"wpcf7-f721-o1\" lang=\"en-US\" dir=\"ltr\" data-wpcf7-id=\"721\">\n<div class=\"screen-reader-response\"><p role=\"status\" aria-live=\"polite\" aria-atomic=\"true\"><\/p> <ul><\/ul><\/div>\n<form action=\"\/index.php\/wp-json\/wp\/v2\/pages\/196#wpcf7-f721-o1\" method=\"post\" class=\"wpcf7-form init\" aria-label=\"Contact form\" novalidate=\"novalidate\" data-status=\"init\">\n<fieldset class=\"hidden-fields-container\"><input type=\"hidden\" name=\"_wpcf7\" value=\"721\" \/><input type=\"hidden\" name=\"_wpcf7_version\" value=\"6.1.5\" \/><input type=\"hidden\" name=\"_wpcf7_locale\" value=\"en_US\" \/><input type=\"hidden\" name=\"_wpcf7_unit_tag\" value=\"wpcf7-f721-o1\" \/><input type=\"hidden\" name=\"_wpcf7_container_post\" value=\"0\" \/><input type=\"hidden\" name=\"_wpcf7_posted_data_hash\" value=\"\" \/>\n<\/fieldset>\n<div class=\"ashade-row ashade-small-gap\">\n\t<div class=\"ashade-col col-4\">\n\t\t<p><span class=\"wpcf7-form-control-wrap\" data-name=\"your-name\"><input size=\"40\" maxlength=\"400\" class=\"wpcf7-form-control wpcf7-text wpcf7-validates-as-required\" aria-required=\"true\" aria-invalid=\"false\" placeholder=\"Votre Nom\" value=\"\" type=\"text\" name=\"your-name\" \/><\/span>\n\t\t<\/p>\n\t<\/div>\n\t<div class=\"ashade-col col-4\">\n\t\t<p><span class=\"wpcf7-form-control-wrap\" data-name=\"your-email\"><input size=\"40\" maxlength=\"400\" class=\"wpcf7-form-control wpcf7-email wpcf7-validates-as-required wpcf7-text wpcf7-validates-as-email\" aria-required=\"true\" aria-invalid=\"false\" placeholder=\"Votre Mail\" value=\"\" type=\"email\" name=\"your-email\" \/><\/span>\n\t\t<\/p>\n\t<\/div>\n\t<div class=\"ashade-col col-4\">\n\t\t<p><span class=\"wpcf7-form-control-wrap\" data-name=\"your-tel\"><input size=\"40\" maxlength=\"400\" class=\"wpcf7-form-control wpcf7-tel wpcf7-validates-as-required wpcf7-text wpcf7-validates-as-tel\" aria-required=\"true\" aria-invalid=\"false\" placeholder=\"Votre t\u00e9l\u00e9phone\" value=\"\" type=\"tel\" name=\"your-tel\" \/><\/span>\n\t\t<\/p>\n\t<\/div>\n<\/div>\n<div class=\"ashade-form-textarea\">\n\t<p><span class=\"wpcf7-form-control-wrap\" data-name=\"your-message\"><textarea cols=\"40\" rows=\"10\" maxlength=\"2000\" class=\"wpcf7-form-control wpcf7-textarea\" aria-invalid=\"false\" placeholder=\"Votre Message\" name=\"your-message\"><\/textarea><\/span>\n\t<\/p>\n<\/div>\n<div class=\"align-right\">\n\t<p><input class=\"wpcf7-form-control wpcf7-submit has-spinner\" type=\"submit\" value=\"Envoyer le Message\" \/>\n\t<\/p>\n<\/div><div class=\"wpcf7-response-output\" aria-hidden=\"true\"><\/div>\n<\/form>\n<\/div>\n<\/div>\n\t\t\t\t\t\t<\/div>\n\t\t\t\t\t<\/div>\n\t\t<\/div>\n\t\t\t\t\t<\/div>\n\t\t<\/section>\n\t\t\t\t<\/div>\n\t\t","protected":false},"excerpt":{"rendered":"<p>D\u00e9couvrez mes offres&#8230;&#8230;de shooting et de formation Pourquoi choisir de travailler ensemble ? Si vous cherchez simplement une photo fig\u00e9e, je ne suis pas le bon photographe. Mais si vous voulez partager une exp\u00e9rience, vivre une rencontre, r\u00e9v\u00e9ler ce que vous avez de plus vivant, alors nous pourrons cr\u00e9er ensemble des images qui vous ressemblent,&#8230;<\/p>\n","protected":false},"author":2,"featured_media":0,"parent":0,"menu_order":0,"comment_status":"closed","ping_status":"closed","template":"","meta":{"jetpack_post_was_ever_published":false,"footnotes":""},"class_list":["post-196","page","type-page","status-publish","hentry"],"jetpack_sharing_enabled":true,"_links":{"self":[{"href":"https:\/\/jeanchristopheromera-photographie.com\/index.php\/wp-json\/wp\/v2\/pages\/196","targetHints":{"allow":["GET"]}}],"collection":[{"href":"https:\/\/jeanchristopheromera-photographie.com\/index.php\/wp-json\/wp\/v2\/pages"}],"about":[{"href":"https:\/\/jeanchristopheromera-photographie.com\/index.php\/wp-json\/wp\/v2\/types\/page"}],"author":[{"embeddable":true,"href":"https:\/\/jeanchristopheromera-photographie.com\/index.php\/wp-json\/wp\/v2\/users\/2"}],"replies":[{"embeddable":true,"href":"https:\/\/jeanchristopheromera-photographie.com\/index.php\/wp-json\/wp\/v2\/comments?post=196"}],"version-history":[{"count":67,"href":"https:\/\/jeanchristopheromera-photographie.com\/index.php\/wp-json\/wp\/v2\/pages\/196\/revisions"}],"predecessor-version":[{"id":2430,"href":"https:\/\/jeanchristopheromera-photographie.com\/index.php\/wp-json\/wp\/v2\/pages\/196\/revisions\/2430"}],"wp:attachment":[{"href":"https:\/\/jeanchristopheromera-photographie.com\/index.php\/wp-json\/wp\/v2\/media?parent=196"}],"curies":[{"name":"wp","href":"https:\/\/api.w.org\/{rel}","templated":true}]}}