{"id":1734,"date":"2025-06-19T10:35:26","date_gmt":"2025-06-19T08:35:26","guid":{"rendered":"https:\/\/jeanchristopheromera-photographie.com\/?page_id=1734"},"modified":"2025-06-19T10:43:24","modified_gmt":"2025-06-19T08:43:24","slug":"galerie-nouveautes","status":"publish","type":"page","link":"https:\/\/jeanchristopheromera-photographie.com\/index.php\/galerie-nouveautes\/","title":{"rendered":"Galerie nouveaut\u00e9s"},"content":{"rendered":"\t\t<div data-elementor-type=\"wp-page\" data-elementor-id=\"1734\" class=\"elementor elementor-1734\">\n\t\t\t\t<div class=\"elementor-element elementor-element-0be5212 e-grid e-con-boxed e-con e-parent\" data-id=\"0be5212\" data-element_type=\"container\" data-e-type=\"container\">\n\t\t\t\t\t<div class=\"e-con-inner\">\n\t\t\t\t<div class=\"elementor-element elementor-element-17569a6 elementor-widget__width-inherit shadowcore-pgi-content--below shadowcore-pgi-align--left shadowcore-pgi-swap--yes shadowcore-pgi-fade--yes shadowcore-pgi-scale--no elementor-widget elementor-widget-shadow-query-grid\" data-id=\"17569a6\" data-element_type=\"widget\" data-e-type=\"widget\" data-widget_type=\"shadow-query-grid.default\">\n\t\t\t\t<div class=\"elementor-widget-container\">\n\t\t\t\t\t\t\t<div class=\"shadowcore-posts-grid-wrap\" data-loading=\"all\">\n\t\t\t<div class=\"shadowcore-posts-grid-filter shadowcore-brickwall-filter\"><a href=\"#all\" class=\"is-active\">All<\/a><a href=\"#architecture\">Architecture<\/a><a href=\"#evenementiel\">Evenementiel<\/a><a href=\"#nature\">Nature<\/a><a href=\"#shooting\">Shooting<\/a><\/div><!-- .shadowcore-posts-grid-filter -->\t\t\t<div class=\"shadowcore-posts-grid\" data-type=\"masonry\">\n\t\t\t\t\t\t\t\t\t<div id=\"shadowcore-uqgi-2285\" class=\"shadowcore-posts-grid--item brickwall-filter--eveil brickwall-filter--shooting post-2285 ashade-albums type-ashade-albums status-publish has-post-thumbnail hentry albums-category-eveil albums-category-shooting\">\n\t\t\t\t\t\t\t<div class=\"shadowcore-pgi--inner\">\n\t\t\t\t\t\t\t\t\t\t\t\t\t\t\t\t\t<div class=\"shadowcore-pgi__image shadowcore-lazy-await\">\n\t\t\t\t\t\t\t\t\t\t<div class=\"shadowcore-grid-image has-post-thmb shadowcore-lazy\" data-src=\"https:\/\/i0.wp.com\/jeanchristopheromera-photographie.com\/wp-content\/uploads\/2025\/06\/Couv-5-lights.jpg?fit=960%2C960&#038;ssl=1\">\n\t\t\t\t\t\t\t\t\t\t\t<img \n\t\t\t\t\t\t\t\t\t\t\t\tsrc=\"data:image\/svg+xml,%3Csvg%20xmlns='http:\/\/www.w3.org\/2000\/svg'%20viewBox='0%200%202500%202500'%3E%3C\/svg%3E\"\n\t\t\t\t\t\t\t\t\t\t\t\talt=\"5 ligths\" \n\t\t\t\t\t\t\t\t\t\t\t\twidth=\"2500\" \n\t\t\t\t\t\t\t\t\t\t\t\theight=\"2500\">\n\t\t\t\t\t\t\t\t\t\t<\/div><!-- .shadowcore-gallery-image -->\n\t\t\t\t\t\t\t\t\t<\/div><!-- .shadowcore-pgi__image -->\n\t\t\t\t\t\t\t\t\t\t\t\t\t\t\t\t\t<div class=\"shadowcore-pgi__content\">\n\t\t\t\t\t\t\t\t\t<div class=\"shadowcore-pgi__content-inner\">\n\t\t\t\t\t\t\t\t\t\t<div class=\"shadowcore-pgi__content_head\">\n\t\t\t\t\t\t\t\t\t\t<div class=\"shadowcore-pgi__title\">5 ligths<\/div><div class=\"shadowcore-pgi__meta\"><div class=\"shadowcore-pgi__meta--albums-category\">Eveil, Shooting<\/div><\/div><!-- .shadowcore-pgi__meta -->\t\t\t\t\t\t\t\t\t\t<\/div><!-- .shadowcore-pgi__content_head -->\n\t\t\t\t\t\t\t\t\t\t\t\t\t\t\t\t\t\t\t<\/div><!-- .shadowcore-pgi__content-inner -->\n\t\t\t\t\t\t\t\t<\/div><!-- .shadowcore-pgi__content -->\n\t\t\t\t\t\t\t\t<a href=\"https:\/\/jeanchristopheromera-photographie.com\/index.php\/albums\/5-ligths\/\" class=\"shadowcore-pgi-link\"><\/a>\n\t\t\t\t\t\t\t<\/div><!-- .shadowcore-pgi--inner -->\n\t\t\t\t\t\t<\/div><!-- .shadowcore-posts-grid--item -->\n\t\t\t\t\t\t\t\t\t\t\t\t<div id=\"shadowcore-uqgi-2276\" class=\"shadowcore-posts-grid--item brickwall-filter--shooting post-2276 ashade-albums type-ashade-albums status-publish has-post-thumbnail hentry albums-category-shooting\">\n\t\t\t\t\t\t\t<div class=\"shadowcore-pgi--inner\">\n\t\t\t\t\t\t\t\t\t\t\t\t\t\t\t\t\t<div class=\"shadowcore-pgi__image shadowcore-lazy-await\">\n\t\t\t\t\t\t\t\t\t\t<div class=\"shadowcore-grid-image has-post-thmb shadowcore-lazy\" data-src=\"https:\/\/i0.wp.com\/jeanchristopheromera-photographie.com\/wp-content\/uploads\/2025\/06\/shooting_creatifs_lamagicienne-2.jpg?fit=960%2C640&#038;ssl=1\">\n\t\t\t\t\t\t\t\t\t\t\t<img \n\t\t\t\t\t\t\t\t\t\t\t\tsrc=\"data:image\/svg+xml,%3Csvg%20xmlns='http:\/\/www.w3.org\/2000\/svg'%20viewBox='0%200%202500%201667'%3E%3C\/svg%3E\"\n\t\t\t\t\t\t\t\t\t\t\t\talt=\"Magicienne\" \n\t\t\t\t\t\t\t\t\t\t\t\twidth=\"2500\" \n\t\t\t\t\t\t\t\t\t\t\t\theight=\"1667\">\n\t\t\t\t\t\t\t\t\t\t<\/div><!-- .shadowcore-gallery-image -->\n\t\t\t\t\t\t\t\t\t<\/div><!-- .shadowcore-pgi__image -->\n\t\t\t\t\t\t\t\t\t\t\t\t\t\t\t\t\t<div class=\"shadowcore-pgi__content\">\n\t\t\t\t\t\t\t\t\t<div class=\"shadowcore-pgi__content-inner\">\n\t\t\t\t\t\t\t\t\t\t<div class=\"shadowcore-pgi__content_head\">\n\t\t\t\t\t\t\t\t\t\t<div class=\"shadowcore-pgi__title\">Magicienne<\/div><div class=\"shadowcore-pgi__meta\"><div class=\"shadowcore-pgi__meta--albums-category\">Shooting<\/div><\/div><!-- .shadowcore-pgi__meta -->\t\t\t\t\t\t\t\t\t\t<\/div><!-- .shadowcore-pgi__content_head -->\n\t\t\t\t\t\t\t\t\t\t\t\t\t\t\t\t\t\t\t<\/div><!-- .shadowcore-pgi__content-inner -->\n\t\t\t\t\t\t\t\t<\/div><!-- .shadowcore-pgi__content -->\n\t\t\t\t\t\t\t\t<a href=\"https:\/\/jeanchristopheromera-photographie.com\/index.php\/albums\/la-magicienne\/\" class=\"shadowcore-pgi-link\"><\/a>\n\t\t\t\t\t\t\t<\/div><!-- .shadowcore-pgi--inner -->\n\t\t\t\t\t\t<\/div><!-- .shadowcore-posts-grid--item -->\n\t\t\t\t\t\t\t\t\t\t\t\t<div id=\"shadowcore-uqgi-2275\" class=\"shadowcore-posts-grid--item brickwall-filter--concert brickwall-filter--evenementiel brickwall-filter--nouveautes post-2275 ashade-albums type-ashade-albums status-publish has-post-thumbnail hentry albums-category-concert albums-category-evenementiel albums-category-nouveautes\">\n\t\t\t\t\t\t\t<div class=\"shadowcore-pgi--inner\">\n\t\t\t\t\t\t\t\t\t\t\t\t\t\t\t\t\t<div class=\"shadowcore-pgi__image shadowcore-lazy-await\">\n\t\t\t\t\t\t\t\t\t\t<div class=\"shadowcore-grid-image has-post-thmb shadowcore-lazy\" data-src=\"https:\/\/i0.wp.com\/jeanchristopheromera-photographie.com\/wp-content\/uploads\/2025\/06\/BAGARRE-Le-Molocco-2024-3-1.jpg?fit=683%2C1024&#038;ssl=1\">\n\t\t\t\t\t\t\t\t\t\t\t<img \n\t\t\t\t\t\t\t\t\t\t\t\tsrc=\"data:image\/svg+xml,%3Csvg%20xmlns='http:\/\/www.w3.org\/2000\/svg'%20viewBox='0%200%201280%201920'%3E%3C\/svg%3E\"\n\t\t\t\t\t\t\t\t\t\t\t\talt=\"Concerts\" \n\t\t\t\t\t\t\t\t\t\t\t\twidth=\"1280\" \n\t\t\t\t\t\t\t\t\t\t\t\theight=\"1920\">\n\t\t\t\t\t\t\t\t\t\t<\/div><!-- .shadowcore-gallery-image -->\n\t\t\t\t\t\t\t\t\t<\/div><!-- .shadowcore-pgi__image -->\n\t\t\t\t\t\t\t\t\t\t\t\t\t\t\t\t\t<div class=\"shadowcore-pgi__content\">\n\t\t\t\t\t\t\t\t\t<div class=\"shadowcore-pgi__content-inner\">\n\t\t\t\t\t\t\t\t\t\t<div class=\"shadowcore-pgi__content_head\">\n\t\t\t\t\t\t\t\t\t\t<div class=\"shadowcore-pgi__title\">Concerts<\/div><div class=\"shadowcore-pgi__meta\"><div class=\"shadowcore-pgi__meta--albums-category\">Concert, Evenementiel, Nouveaut\u00e9s<\/div><\/div><!-- .shadowcore-pgi__meta -->\t\t\t\t\t\t\t\t\t\t<\/div><!-- .shadowcore-pgi__content_head -->\n\t\t\t\t\t\t\t\t\t\t\t\t\t\t\t\t\t\t\t<\/div><!-- .shadowcore-pgi__content-inner -->\n\t\t\t\t\t\t\t\t<\/div><!-- .shadowcore-pgi__content -->\n\t\t\t\t\t\t\t\t<a href=\"https:\/\/jeanchristopheromera-photographie.com\/index.php\/albums\/concerts-live\/\" class=\"shadowcore-pgi-link\"><\/a>\n\t\t\t\t\t\t\t<\/div><!-- .shadowcore-pgi--inner -->\n\t\t\t\t\t\t<\/div><!-- .shadowcore-posts-grid--item -->\n\t\t\t\t\t\t\t\t\t\t\t\t<div id=\"shadowcore-uqgi-2186\" class=\"shadowcore-posts-grid--item brickwall-filter--nature brickwall-filter--paysages brickwall-filter--tirages post-2186 ashade-albums type-ashade-albums status-publish has-post-thumbnail hentry albums-category-nature albums-category-paysages albums-category-tirages\">\n\t\t\t\t\t\t\t<div class=\"shadowcore-pgi--inner\">\n\t\t\t\t\t\t\t\t\t\t\t\t\t\t\t\t\t<div class=\"shadowcore-pgi__image shadowcore-lazy-await\">\n\t\t\t\t\t\t\t\t\t\t<div class=\"shadowcore-grid-image has-post-thmb shadowcore-lazy\" data-src=\"https:\/\/i0.wp.com\/jeanchristopheromera-photographie.com\/wp-content\/uploads\/2025\/06\/Tirages_nature-45.jpg?fit=800%2C1200&#038;ssl=1\">\n\t\t\t\t\t\t\t\t\t\t\t<img \n\t\t\t\t\t\t\t\t\t\t\t\tsrc=\"data:image\/svg+xml,%3Csvg%20xmlns='http:\/\/www.w3.org\/2000\/svg'%20viewBox='0%200%201667%202500'%3E%3C\/svg%3E\"\n\t\t\t\t\t\t\t\t\t\t\t\talt=\"Nature\" \n\t\t\t\t\t\t\t\t\t\t\t\twidth=\"1667\" \n\t\t\t\t\t\t\t\t\t\t\t\theight=\"2500\">\n\t\t\t\t\t\t\t\t\t\t<\/div><!-- .shadowcore-gallery-image -->\n\t\t\t\t\t\t\t\t\t<\/div><!-- .shadowcore-pgi__image -->\n\t\t\t\t\t\t\t\t\t\t\t\t\t\t\t\t\t<div class=\"shadowcore-pgi__content\">\n\t\t\t\t\t\t\t\t\t<div class=\"shadowcore-pgi__content-inner\">\n\t\t\t\t\t\t\t\t\t\t<div class=\"shadowcore-pgi__content_head\">\n\t\t\t\t\t\t\t\t\t\t<div class=\"shadowcore-pgi__title\">Nature<\/div><div class=\"shadowcore-pgi__meta\"><div class=\"shadowcore-pgi__meta--albums-category\">Nature, Paysages, Tirages<\/div><\/div><!-- .shadowcore-pgi__meta -->\t\t\t\t\t\t\t\t\t\t<\/div><!-- .shadowcore-pgi__content_head -->\n\t\t\t\t\t\t\t\t\t\t\t\t\t\t\t\t\t\t\t<\/div><!-- .shadowcore-pgi__content-inner -->\n\t\t\t\t\t\t\t\t<\/div><!-- .shadowcore-pgi__content -->\n\t\t\t\t\t\t\t\t<a href=\"https:\/\/jeanchristopheromera-photographie.com\/index.php\/albums\/tirages-nature\/\" class=\"shadowcore-pgi-link\"><\/a>\n\t\t\t\t\t\t\t<\/div><!-- .shadowcore-pgi--inner -->\n\t\t\t\t\t\t<\/div><!-- .shadowcore-posts-grid--item -->\n\t\t\t\t\t\t\t\t\t\t\t\t<div id=\"shadowcore-uqgi-2156\" class=\"shadowcore-posts-grid--item brickwall-filter--architecture brickwall-filter--nature brickwall-filter--paysages brickwall-filter--tirages post-2156 ashade-albums type-ashade-albums status-publish has-post-thumbnail hentry albums-category-architecture albums-category-nature albums-category-paysages albums-category-tirages\">\n\t\t\t\t\t\t\t<div class=\"shadowcore-pgi--inner\">\n\t\t\t\t\t\t\t\t\t\t\t\t\t\t\t\t\t<div class=\"shadowcore-pgi__image shadowcore-lazy-await\">\n\t\t\t\t\t\t\t\t\t\t<div class=\"shadowcore-grid-image has-post-thmb shadowcore-lazy\" data-src=\"https:\/\/i0.wp.com\/jeanchristopheromera-photographie.com\/wp-content\/uploads\/2025\/06\/Tirages_nb-15.jpg?fit=800%2C1200&#038;ssl=1\">\n\t\t\t\t\t\t\t\t\t\t\t<img \n\t\t\t\t\t\t\t\t\t\t\t\tsrc=\"data:image\/svg+xml,%3Csvg%20xmlns='http:\/\/www.w3.org\/2000\/svg'%20viewBox='0%200%201667%202500'%3E%3C\/svg%3E\"\n\t\t\t\t\t\t\t\t\t\t\t\talt=\"Noir et Blanc\" \n\t\t\t\t\t\t\t\t\t\t\t\twidth=\"1667\" \n\t\t\t\t\t\t\t\t\t\t\t\theight=\"2500\">\n\t\t\t\t\t\t\t\t\t\t<\/div><!-- .shadowcore-gallery-image -->\n\t\t\t\t\t\t\t\t\t<\/div><!-- .shadowcore-pgi__image -->\n\t\t\t\t\t\t\t\t\t\t\t\t\t\t\t\t\t<div class=\"shadowcore-pgi__content\">\n\t\t\t\t\t\t\t\t\t<div class=\"shadowcore-pgi__content-inner\">\n\t\t\t\t\t\t\t\t\t\t<div class=\"shadowcore-pgi__content_head\">\n\t\t\t\t\t\t\t\t\t\t<div class=\"shadowcore-pgi__title\">Noir et Blanc<\/div><div class=\"shadowcore-pgi__meta\"><div class=\"shadowcore-pgi__meta--albums-category\">Architecture, Nature, Paysages, Tirages<\/div><\/div><!-- .shadowcore-pgi__meta -->\t\t\t\t\t\t\t\t\t\t<\/div><!-- .shadowcore-pgi__content_head -->\n\t\t\t\t\t\t\t\t\t\t\t\t\t\t\t\t\t\t\t<\/div><!-- .shadowcore-pgi__content-inner -->\n\t\t\t\t\t\t\t\t<\/div><!-- .shadowcore-pgi__content -->\n\t\t\t\t\t\t\t\t<a href=\"https:\/\/jeanchristopheromera-photographie.com\/index.php\/albums\/tirages-noir-et-blanc\/\" class=\"shadowcore-pgi-link\"><\/a>\n\t\t\t\t\t\t\t<\/div><!-- .shadowcore-pgi--inner -->\n\t\t\t\t\t\t<\/div><!-- .shadowcore-posts-grid--item -->\n\t\t\t\t\t\t\t\t\t\t\t\t<div id=\"shadowcore-uqgi-1981\" class=\"shadowcore-posts-grid--item brickwall-filter--portaits brickwall-filter--shooting post-1981 ashade-albums type-ashade-albums status-publish has-post-thumbnail hentry albums-category-portaits albums-category-shooting\">\n\t\t\t\t\t\t\t<div class=\"shadowcore-pgi--inner\">\n\t\t\t\t\t\t\t\t\t\t\t\t\t\t\t\t\t<div class=\"shadowcore-pgi__image shadowcore-lazy-await\">\n\t\t\t\t\t\t\t\t\t\t<div class=\"shadowcore-grid-image has-post-thmb shadowcore-lazy\" data-src=\"https:\/\/i0.wp.com\/jeanchristopheromera-photographie.com\/wp-content\/uploads\/2025\/06\/Shooting_creatifs-8.jpg?fit=800%2C1200&#038;ssl=1\">\n\t\t\t\t\t\t\t\t\t\t\t<img \n\t\t\t\t\t\t\t\t\t\t\t\tsrc=\"data:image\/svg+xml,%3Csvg%20xmlns='http:\/\/www.w3.org\/2000\/svg'%20viewBox='0%200%201667%202500'%3E%3C\/svg%3E\"\n\t\t\t\t\t\t\t\t\t\t\t\talt=\"Cr\u00e9atifs\" \n\t\t\t\t\t\t\t\t\t\t\t\twidth=\"1667\" \n\t\t\t\t\t\t\t\t\t\t\t\theight=\"2500\">\n\t\t\t\t\t\t\t\t\t\t<\/div><!-- .shadowcore-gallery-image -->\n\t\t\t\t\t\t\t\t\t<\/div><!-- .shadowcore-pgi__image -->\n\t\t\t\t\t\t\t\t\t\t\t\t\t\t\t\t\t<div class=\"shadowcore-pgi__content\">\n\t\t\t\t\t\t\t\t\t<div class=\"shadowcore-pgi__content-inner\">\n\t\t\t\t\t\t\t\t\t\t<div class=\"shadowcore-pgi__content_head\">\n\t\t\t\t\t\t\t\t\t\t<div class=\"shadowcore-pgi__title\">Cr\u00e9atifs<\/div><div class=\"shadowcore-pgi__meta\"><div class=\"shadowcore-pgi__meta--albums-category\">portaits, Shooting<\/div><\/div><!-- .shadowcore-pgi__meta -->\t\t\t\t\t\t\t\t\t\t<\/div><!-- .shadowcore-pgi__content_head -->\n\t\t\t\t\t\t\t\t\t\t\t\t\t\t\t\t\t\t\t<\/div><!-- .shadowcore-pgi__content-inner -->\n\t\t\t\t\t\t\t\t<\/div><!-- .shadowcore-pgi__content -->\n\t\t\t\t\t\t\t\t<a href=\"https:\/\/jeanchristopheromera-photographie.com\/index.php\/albums\/creatifs\/\" class=\"shadowcore-pgi-link\"><\/a>\n\t\t\t\t\t\t\t<\/div><!-- .shadowcore-pgi--inner -->\n\t\t\t\t\t\t<\/div><!-- .shadowcore-posts-grid--item -->\n\t\t\t\t\t\t\t\t\t\t\t\t<div id=\"shadowcore-uqgi-1962\" class=\"shadowcore-posts-grid--item brickwall-filter--portaits brickwall-filter--shooting post-1962 ashade-albums type-ashade-albums status-publish has-post-thumbnail hentry albums-category-portaits albums-category-shooting\">\n\t\t\t\t\t\t\t<div class=\"shadowcore-pgi--inner\">\n\t\t\t\t\t\t\t\t\t\t\t\t\t\t\t\t\t<div class=\"shadowcore-pgi__image shadowcore-lazy-await\">\n\t\t\t\t\t\t\t\t\t\t<div class=\"shadowcore-grid-image has-post-thmb shadowcore-lazy\" data-src=\"https:\/\/i0.wp.com\/jeanchristopheromera-photographie.com\/wp-content\/uploads\/2025\/06\/Exemple_shooting_groupe-7.jpg?fit=800%2C1200&#038;ssl=1\">\n\t\t\t\t\t\t\t\t\t\t\t<img \n\t\t\t\t\t\t\t\t\t\t\t\tsrc=\"data:image\/svg+xml,%3Csvg%20xmlns='http:\/\/www.w3.org\/2000\/svg'%20viewBox='0%200%201667%202500'%3E%3C\/svg%3E\"\n\t\t\t\t\t\t\t\t\t\t\t\talt=\"Lumi\u00e8re \u00e9ternelle\" \n\t\t\t\t\t\t\t\t\t\t\t\twidth=\"1667\" \n\t\t\t\t\t\t\t\t\t\t\t\theight=\"2500\">\n\t\t\t\t\t\t\t\t\t\t<\/div><!-- .shadowcore-gallery-image -->\n\t\t\t\t\t\t\t\t\t<\/div><!-- .shadowcore-pgi__image -->\n\t\t\t\t\t\t\t\t\t\t\t\t\t\t\t\t\t<div class=\"shadowcore-pgi__content\">\n\t\t\t\t\t\t\t\t\t<div class=\"shadowcore-pgi__content-inner\">\n\t\t\t\t\t\t\t\t\t\t<div class=\"shadowcore-pgi__content_head\">\n\t\t\t\t\t\t\t\t\t\t<div class=\"shadowcore-pgi__title\">Lumi\u00e8re \u00e9ternelle<\/div><div class=\"shadowcore-pgi__meta\"><div class=\"shadowcore-pgi__meta--albums-category\">portaits, Shooting<\/div><\/div><!-- .shadowcore-pgi__meta -->\t\t\t\t\t\t\t\t\t\t<\/div><!-- .shadowcore-pgi__content_head -->\n\t\t\t\t\t\t\t\t\t\t\t\t\t\t\t\t\t\t\t<\/div><!-- .shadowcore-pgi__content-inner -->\n\t\t\t\t\t\t\t\t<\/div><!-- .shadowcore-pgi__content -->\n\t\t\t\t\t\t\t\t<a href=\"https:\/\/jeanchristopheromera-photographie.com\/index.php\/albums\/lumiere-eternelle\/\" class=\"shadowcore-pgi-link\"><\/a>\n\t\t\t\t\t\t\t<\/div><!-- .shadowcore-pgi--inner -->\n\t\t\t\t\t\t<\/div><!-- .shadowcore-posts-grid--item -->\n\t\t\t\t\t\t\t\t\t\t\t\t<div id=\"shadowcore-uqgi-1946\" class=\"shadowcore-posts-grid--item brickwall-filter--eveil brickwall-filter--shooting post-1946 ashade-albums type-ashade-albums status-publish has-post-thumbnail hentry albums-category-eveil albums-category-shooting\">\n\t\t\t\t\t\t\t<div class=\"shadowcore-pgi--inner\">\n\t\t\t\t\t\t\t\t\t\t\t\t\t\t\t\t\t<div class=\"shadowcore-pgi__image shadowcore-lazy-await\">\n\t\t\t\t\t\t\t\t\t\t<div class=\"shadowcore-grid-image has-post-thmb shadowcore-lazy\" data-src=\"https:\/\/i0.wp.com\/jeanchristopheromera-photographie.com\/wp-content\/uploads\/2025\/06\/Couv-Eveil-paysage-1.jpg?fit=960%2C722&#038;ssl=1\">\n\t\t\t\t\t\t\t\t\t\t\t<img \n\t\t\t\t\t\t\t\t\t\t\t\tsrc=\"data:image\/svg+xml,%3Csvg%20xmlns='http:\/\/www.w3.org\/2000\/svg'%20viewBox='0%200%202500%201881'%3E%3C\/svg%3E\"\n\t\t\t\t\t\t\t\t\t\t\t\talt=\"\u00c9veil\" \n\t\t\t\t\t\t\t\t\t\t\t\twidth=\"2500\" \n\t\t\t\t\t\t\t\t\t\t\t\theight=\"1881\">\n\t\t\t\t\t\t\t\t\t\t<\/div><!-- .shadowcore-gallery-image -->\n\t\t\t\t\t\t\t\t\t<\/div><!-- .shadowcore-pgi__image -->\n\t\t\t\t\t\t\t\t\t\t\t\t\t\t\t\t\t<div class=\"shadowcore-pgi__content\">\n\t\t\t\t\t\t\t\t\t<div class=\"shadowcore-pgi__content-inner\">\n\t\t\t\t\t\t\t\t\t\t<div class=\"shadowcore-pgi__content_head\">\n\t\t\t\t\t\t\t\t\t\t<div class=\"shadowcore-pgi__title\">\u00c9veil<\/div><div class=\"shadowcore-pgi__meta\"><div class=\"shadowcore-pgi__meta--albums-category\">Eveil, Shooting<\/div><\/div><!-- .shadowcore-pgi__meta -->\t\t\t\t\t\t\t\t\t\t<\/div><!-- .shadowcore-pgi__content_head -->\n\t\t\t\t\t\t\t\t\t\t\t\t\t\t\t\t\t\t\t<\/div><!-- .shadowcore-pgi__content-inner -->\n\t\t\t\t\t\t\t\t<\/div><!-- .shadowcore-pgi__content -->\n\t\t\t\t\t\t\t\t<a href=\"https:\/\/jeanchristopheromera-photographie.com\/index.php\/albums\/eveil\/\" class=\"shadowcore-pgi-link\"><\/a>\n\t\t\t\t\t\t\t<\/div><!-- .shadowcore-pgi--inner -->\n\t\t\t\t\t\t<\/div><!-- .shadowcore-posts-grid--item -->\n\t\t\t\t\t\t\t\t\t\t\t\t<div id=\"shadowcore-uqgi-1931\" class=\"shadowcore-posts-grid--item brickwall-filter--eclat brickwall-filter--shooting post-1931 ashade-albums type-ashade-albums status-publish has-post-thumbnail hentry albums-category-eclat albums-category-shooting\">\n\t\t\t\t\t\t\t<div class=\"shadowcore-pgi--inner\">\n\t\t\t\t\t\t\t\t\t\t\t\t\t\t\t\t\t<div class=\"shadowcore-pgi__image shadowcore-lazy-await\">\n\t\t\t\t\t\t\t\t\t\t<div class=\"shadowcore-grid-image has-post-thmb shadowcore-lazy\" data-src=\"https:\/\/i0.wp.com\/jeanchristopheromera-photographie.com\/wp-content\/uploads\/2025\/06\/shooting_portraits_eclat-4.jpg?fit=960%2C640&#038;ssl=1\">\n\t\t\t\t\t\t\t\t\t\t\t<img \n\t\t\t\t\t\t\t\t\t\t\t\tsrc=\"data:image\/svg+xml,%3Csvg%20xmlns='http:\/\/www.w3.org\/2000\/svg'%20viewBox='0%200%202500%201667'%3E%3C\/svg%3E\"\n\t\t\t\t\t\t\t\t\t\t\t\talt=\"Eclat\" \n\t\t\t\t\t\t\t\t\t\t\t\twidth=\"2500\" \n\t\t\t\t\t\t\t\t\t\t\t\theight=\"1667\">\n\t\t\t\t\t\t\t\t\t\t<\/div><!-- .shadowcore-gallery-image -->\n\t\t\t\t\t\t\t\t\t<\/div><!-- .shadowcore-pgi__image -->\n\t\t\t\t\t\t\t\t\t\t\t\t\t\t\t\t\t<div class=\"shadowcore-pgi__content\">\n\t\t\t\t\t\t\t\t\t<div class=\"shadowcore-pgi__content-inner\">\n\t\t\t\t\t\t\t\t\t\t<div class=\"shadowcore-pgi__content_head\">\n\t\t\t\t\t\t\t\t\t\t<div class=\"shadowcore-pgi__title\">Eclat<\/div><div class=\"shadowcore-pgi__meta\"><div class=\"shadowcore-pgi__meta--albums-category\">Eclat, Shooting<\/div><\/div><!-- .shadowcore-pgi__meta -->\t\t\t\t\t\t\t\t\t\t<\/div><!-- .shadowcore-pgi__content_head -->\n\t\t\t\t\t\t\t\t\t\t\t\t\t\t\t\t\t\t\t<\/div><!-- .shadowcore-pgi__content-inner -->\n\t\t\t\t\t\t\t\t<\/div><!-- .shadowcore-pgi__content -->\n\t\t\t\t\t\t\t\t<a href=\"https:\/\/jeanchristopheromera-photographie.com\/index.php\/albums\/eclat\/\" class=\"shadowcore-pgi-link\"><\/a>\n\t\t\t\t\t\t\t<\/div><!-- .shadowcore-pgi--inner -->\n\t\t\t\t\t\t<\/div><!-- .shadowcore-posts-grid--item -->\n\t\t\t\t\t\t\t\t\t<\/div><!-- .shadowcore-posts-grid -->\n\t\t\t\t\t<\/div><!-- .shadowcore-posts-grid-wrap -->\n\t\t\t\t\t\t<\/div>\n\t\t\t\t<\/div>\n\t\t<div class=\"elementor-element elementor-element-d5e9e28 e-con-full e-flex e-con e-child\" data-id=\"d5e9e28\" data-element_type=\"container\" data-e-type=\"container\">\n\t\t\t\t<div class=\"elementor-element elementor-element-1b57900 elementor-widget elementor-widget-text-editor\" data-id=\"1b57900\" data-element_type=\"widget\" data-e-type=\"widget\" data-widget_type=\"text-editor.default\">\n\t\t\t\t\t\t\t\t\t<p>Photographier, pour moi, c\u2019est r\u00e9v\u00e9ler la lumi\u00e8re int\u00e9rieure.<br \/>\u00c0 travers un vrai \u00e9change, je fais \u00e9merger l&#8217;\u00e9nergie unique de chacun.<br \/>Mon objectif : capter la beaut\u00e9 sinc\u00e8re, l&#8217;\u00e9lan de vie, l&#8217;impact d&#8217;une v\u00e9rit\u00e9 partag\u00e9e.<\/p>\t\t\t\t\t\t\t\t<\/div>\n\t\t\t\t<\/div>\n\t\t\t\t\t<\/div>\n\t\t\t\t<\/div>\n\t\t\t\t<\/div>\n\t\t","protected":false},"excerpt":{"rendered":"<p>AllArchitectureEvenementielNatureShooting EclatEclat, Nouveaut\u00e9s, portaits, Shooting PortraitsNature AmsterdamArchitecture, Nouveaut\u00e9s ConcertsConcert, Evenementiel, Nouveaut\u00e9s Photographier, pour moi, c\u2019est r\u00e9v\u00e9ler la lumi\u00e8re int\u00e9rieure.\u00c0 travers un vrai \u00e9change, je fais \u00e9merger l&#8217;\u00e9nergie unique de chacun.Mon objectif : capter la beaut\u00e9 sinc\u00e8re, l&#8217;\u00e9lan de vie, l&#8217;impact d&#8217;une v\u00e9rit\u00e9 partag\u00e9e.<\/p>\n","protected":false},"author":2,"featured_media":0,"parent":0,"menu_order":0,"comment_status":"closed","ping_status":"closed","template":"","meta":{"jetpack_post_was_ever_published":false,"footnotes":""},"class_list":["post-1734","page","type-page","status-publish","hentry"],"jetpack_sharing_enabled":true,"_links":{"self":[{"href":"https:\/\/jeanchristopheromera-photographie.com\/index.php\/wp-json\/wp\/v2\/pages\/1734","targetHints":{"allow":["GET"]}}],"collection":[{"href":"https:\/\/jeanchristopheromera-photographie.com\/index.php\/wp-json\/wp\/v2\/pages"}],"about":[{"href":"https:\/\/jeanchristopheromera-photographie.com\/index.php\/wp-json\/wp\/v2\/types\/page"}],"author":[{"embeddable":true,"href":"https:\/\/jeanchristopheromera-photographie.com\/index.php\/wp-json\/wp\/v2\/users\/2"}],"replies":[{"embeddable":true,"href":"https:\/\/jeanchristopheromera-photographie.com\/index.php\/wp-json\/wp\/v2\/comments?post=1734"}],"version-history":[{"count":16,"href":"https:\/\/jeanchristopheromera-photographie.com\/index.php\/wp-json\/wp\/v2\/pages\/1734\/revisions"}],"predecessor-version":[{"id":1750,"href":"https:\/\/jeanchristopheromera-photographie.com\/index.php\/wp-json\/wp\/v2\/pages\/1734\/revisions\/1750"}],"wp:attachment":[{"href":"https:\/\/jeanchristopheromera-photographie.com\/index.php\/wp-json\/wp\/v2\/media?parent=1734"}],"curies":[{"name":"wp","href":"https:\/\/api.w.org\/{rel}","templated":true}]}}