{"id":1648,"date":"2025-06-18T22:10:33","date_gmt":"2025-06-18T20:10:33","guid":{"rendered":"https:\/\/jeanchristopheromera-photographie.com\/?page_id=1648"},"modified":"2025-06-27T19:51:03","modified_gmt":"2025-06-27T17:51:03","slug":"eclat","status":"publish","type":"page","link":"https:\/\/jeanchristopheromera-photographie.com\/index.php\/eclat\/","title":{"rendered":"Eclat"},"content":{"rendered":"\t\t<div data-elementor-type=\"wp-page\" data-elementor-id=\"1648\" class=\"elementor elementor-1648\">\n\t\t\t\t<div class=\"elementor-element elementor-element-c848c60 e-flex e-con-boxed e-con e-parent\" data-id=\"c848c60\" data-element_type=\"container\" data-e-type=\"container\">\n\t\t\t\t\t<div class=\"e-con-inner\">\n\t\t\t\t<div class=\"elementor-element elementor-element-702a3027 elementor-widget elementor-widget-text-editor\" data-id=\"702a3027\" data-element_type=\"widget\" data-e-type=\"widget\" data-widget_type=\"text-editor.default\">\n\t\t\t\t\t\t\t\t\t<p>&#8220;Une parenth\u00e8se pour vous reconnecter \u00e0 <br \/>votre puissance et votre beaut\u00e9.&#8221;<\/p>\t\t\t\t\t\t\t\t<\/div>\n\t\t\t\t\t<\/div>\n\t\t\t\t<\/div>\n\t\t<div class=\"elementor-element elementor-element-434dbc1 e-con-full e-flex e-con e-parent\" data-id=\"434dbc1\" data-element_type=\"container\" data-e-type=\"container\">\n\t\t<div class=\"elementor-element elementor-element-595a2bbe e-con-full e-flex e-con e-child\" data-id=\"595a2bbe\" data-element_type=\"container\" data-e-type=\"container\">\n\t\t\t\t<div class=\"elementor-element elementor-element-072336d shadowcore-infocard-layout--horizontal shadowcore-caption-above--yes shadowcore-swap-head--no shadowcore-swap-cotent--no elementor-widget elementor-widget-shadow-info-card\" data-id=\"072336d\" data-element_type=\"widget\" data-e-type=\"widget\" data-widget_type=\"shadow-info-card.default\">\n\t\t\t\t<div class=\"elementor-widget-container\">\n\t\t\t\t\t\t\t<div class=\"shadowcore-service-card\">\n\t\t\t<div class=\"shadowcore-service-card__head\">\n\t\t\t\t<div class=\"shadowcore-service-card__image\">\n\t\t\t\t\t\t\t\t\t\t<div class=\"shadowcore-gallery-image shadowcore-div-image\" data-src=\"https:\/\/i0.wp.com\/jeanchristopheromera-photographie.com\/wp-content\/uploads\/2025\/06\/shooting_portraits_eclat-4.jpg?fit=1024%2C683&#038;ssl=1\">\n\t\t\t\t\t\t\t\t\t\t\t\t<img \n\t\t\t\t\t\t\tsrc=\"data:image\/svg+xml,%3Csvg%20xmlns='http:\/\/www.w3.org\/2000\/svg'%20viewBox='0%200%20512%20512'%3E%3C\/svg%3E\"\n\t\t\t\t\t\t\talt=\"shooting_portraits_eclat (4)\">\n\t\t\t\t\t\t\t\t\t\t\t<\/div>\n\t\t\t\t\t\t\t\t\t<\/div>\n\t\t\t\t<div class=\"shadowcore-service-card__label\">\n\t\t\t\t\t<span>Une s\u00e9ance \u00e9l\u00e9gante et lumineuse pour r\u00e9v\u00e9ler votre sensualit\u00e9.<\/span>\n\t\t\t\t\tECLAT - Osez briller\t\t\t\t\t<span>Une s\u00e9ance \u00e9l\u00e9gante et lumineuse pour r\u00e9v\u00e9ler votre sensualit\u00e9.<\/span>\n\t\t\t\t<\/div>\n\t\t\t<\/div><!-- .shadowcore-service-card__head -->\n\t\t\t<div class=\"shadowcore-service-card__content\">\n\t\t\t\t\t\t\t\t\t\t\t<\/div><!-- .shadowcore-service-card__content -->\n\t\t\t\t\t<\/div><!-- .shadowcore-service-card -->\n\t\t\t\t\t\t<\/div>\n\t\t\t\t<\/div>\n\t\t\t\t<div class=\"elementor-element elementor-element-9b43c2a elementor-widget elementor-widget-text-editor\" data-id=\"9b43c2a\" data-element_type=\"widget\" data-e-type=\"widget\" data-widget_type=\"text-editor.default\">\n\t\t\t\t\t\t\t\t\t<p>Vous avez en vous une lumi\u00e8re que vous ne voyez peut-\u00eatre pas encore.<br \/>Une \u00e9l\u00e9gance naturelle, une sensualit\u00e9 douce, une puissance tranquille.<br \/>La s\u00e9ance \u00c9clat, c\u2019est un moment pour vous \u2014 pour vous reconnecter \u00e0 ce feu int\u00e9rieur, celui qui vous rend unique.<br \/>Dans une atmosph\u00e8re bienveillante et respectueuse, je vous guide pour r\u00e9v\u00e9ler votre beaut\u00e9 avec d\u00e9licatesse, sans jamais forcer.<br \/>Ici, pas de poses fig\u00e9es : juste vous, dans votre \u00e9nergie, votre f\u00e9minit\u00e9, votre justesse.<\/p><p>Que vous souhaitiez c\u00e9l\u00e9brer un moment de votre vie, reprendre confiance, ou simplement vous voir autrement : cette s\u00e9ance est une d\u00e9claration \u00e0 vous-m\u00eame.<br \/>Pr\u00eate \u00e0 briller ?<\/p><h5>DESCRIPTIF<\/h5><p>Une s\u00e9ance glamour, lumineuse et \u00e9l\u00e9gante pour r\u00e9v\u00e9ler votre beaut\u00e9.<\/p><h5>Comment se d\u00e9roule la s\u00e9ance ?<\/h5><p>1. \u00c9change pr\u00e9paratoire (t\u00e9l\u00e9phonique).<br \/>Un moment pour faire connaissance, \u00e9couter vos envies, d\u00e9finir ensemble :<br \/>\u2013 Le style de la s\u00e9ance (\u00e9l\u00e9gant, sensuel, minimal, etc.)<br \/>\u2013 Le lieu : en studio ou en ext\u00e9rieur<br \/>\u2013 La tenue id\u00e9ale et les accessoires \u00e9ventuels<br \/>\u2013 L\u2019ambiance, la lumi\u00e8re, les couleurs qui vous correspondent.<\/p>\t\t\t\t\t\t\t\t<\/div>\n\t\t\t\t<\/div>\n\t\t<div class=\"elementor-element elementor-element-2b76deba e-con-full e-flex e-con e-child\" data-id=\"2b76deba\" data-element_type=\"container\" data-e-type=\"container\">\n\t\t\t\t<div class=\"elementor-element elementor-element-97d50b6 elementor-widget elementor-widget-text-editor\" data-id=\"97d50b6\" data-element_type=\"widget\" data-e-type=\"widget\" data-widget_type=\"text-editor.default\">\n\t\t\t\t\t\t\t\t\t<p>\u00a0<\/p><p>2. Le shooting<br \/>Dans une atmosph\u00e8re bienveillante, je vous guide pour que vous soyez \u00e0 l\u2019aise :<br \/>\u2013 Posing en douceur, naturel et progressif<br \/>\u2013 Jeu de lumi\u00e8re ma\u00eetris\u00e9, accessoires de studio possibles<br \/>\u2013 \u00c9changes fluides pour capter votre \u00e9l\u00e9gance et votre \u00e9nergie.<\/p><p>3. Livraison des photos (15 jours apr\u00e8s).<br \/>\u2013 5 photos retouch\u00e9es en haute d\u00e9finition<br \/>\u2013 1 tirage Fine Art A4 inclus<br \/>\u2013 Possibilit\u00e9 de commander d\u2019autres tirages ou formats sur demande<\/p><p>Une exp\u00e9rience pour vous c\u00e9l\u00e9brer, vous r\u00e9v\u00e9ler et vous voir briller.<\/p><h5>PRESTATION<\/h5><p>Une s\u00e9ance \u00e9l\u00e9gante, glamour et lumineuse pour r\u00e9v\u00e9ler votre sensualit\u00e9 naturelle.<br \/>Id\u00e9ale pour (se) c\u00e9l\u00e9brer, se voir autrement, ou offrir un regard neuf sur soi-m\u00eame.<br \/>Ce que comprend l\u2019exp\u00e9rience :<br \/>\u2013 Un \u00e9change t\u00e9l\u00e9phonique pr\u00e9paratoire<br \/>\u2013 Un shooting (en studio ou ext\u00e9rieur)<br \/>\u2013 Conseils sur les tenues, l\u2019ambiance et les poses<br \/>\u2013 5 photos HD retouch\u00e9es<br \/>\u2013 1 tirage Fine Art format A4<br \/>\u2013 Commande de tirages suppl\u00e9mentaires sur demande.<\/p><p><em>Option maquillage professionnel disponible sur demande (suppl\u00e9ment).<\/em><\/p><p><em><span data-olk-copy-source=\"MessageBody\">Des frais de d\u00e9placement peuvent s\u2019appliquer au-del\u00e0 de 30 km autour de Besan\u00e7on.\u00a0\u00a0<\/span><\/em><\/p><h5>Tarif : 280 \u20ac<\/h5><p><em>Facturation en microentreprise \u2013 TVA non applicable, art. 293B du CGI.<\/em><\/p>\t\t\t\t\t\t\t\t<\/div>\n\t\t\t\t<\/div>\n\t\t\t\t<\/div>\n\t\t<div class=\"elementor-element elementor-element-a7aed79 e-grid e-con-full e-con e-parent\" data-id=\"a7aed79\" data-element_type=\"container\" data-e-type=\"container\">\n\t\t\t\t<div class=\"elementor-element elementor-element-7de5fe5 elementor-widget elementor-widget-image\" data-id=\"7de5fe5\" data-element_type=\"widget\" data-e-type=\"widget\" data-widget_type=\"image.default\">\n\t\t\t\t\t\t\t\t\t\t\t\t\t\t\t<img fetchpriority=\"high\" decoding=\"async\" width=\"683\" height=\"1024\" src=\"https:\/\/i0.wp.com\/jeanchristopheromera-photographie.com\/wp-content\/uploads\/2025\/06\/shooting_portraits_eclat-8.jpg?fit=683%2C1024&amp;ssl=1\" class=\"attachment-large size-large wp-image-1939\" alt=\"shooting_portraits_eclat\" srcset=\"https:\/\/i0.wp.com\/jeanchristopheromera-photographie.com\/wp-content\/uploads\/2025\/06\/shooting_portraits_eclat-8.jpg?w=1667&amp;ssl=1 1667w, https:\/\/i0.wp.com\/jeanchristopheromera-photographie.com\/wp-content\/uploads\/2025\/06\/shooting_portraits_eclat-8.jpg?resize=200%2C300&amp;ssl=1 200w, https:\/\/i0.wp.com\/jeanchristopheromera-photographie.com\/wp-content\/uploads\/2025\/06\/shooting_portraits_eclat-8.jpg?resize=683%2C1024&amp;ssl=1 683w, https:\/\/i0.wp.com\/jeanchristopheromera-photographie.com\/wp-content\/uploads\/2025\/06\/shooting_portraits_eclat-8.jpg?resize=768%2C1152&amp;ssl=1 768w, https:\/\/i0.wp.com\/jeanchristopheromera-photographie.com\/wp-content\/uploads\/2025\/06\/shooting_portraits_eclat-8.jpg?resize=1024%2C1536&amp;ssl=1 1024w, https:\/\/i0.wp.com\/jeanchristopheromera-photographie.com\/wp-content\/uploads\/2025\/06\/shooting_portraits_eclat-8.jpg?resize=1366%2C2048&amp;ssl=1 1366w, https:\/\/i0.wp.com\/jeanchristopheromera-photographie.com\/wp-content\/uploads\/2025\/06\/shooting_portraits_eclat-8.jpg?resize=854%2C1280&amp;ssl=1 854w, https:\/\/i0.wp.com\/jeanchristopheromera-photographie.com\/wp-content\/uploads\/2025\/06\/shooting_portraits_eclat-8.jpg?resize=800%2C1200&amp;ssl=1 800w, https:\/\/i0.wp.com\/jeanchristopheromera-photographie.com\/wp-content\/uploads\/2025\/06\/shooting_portraits_eclat-8.jpg?resize=960%2C1440&amp;ssl=1 960w\" sizes=\"(max-width: 683px) 100vw, 683px\" \/>\t\t\t\t\t\t\t\t\t\t\t\t\t\t\t<\/div>\n\t\t\t\t<div class=\"elementor-element elementor-element-f2491dd elementor-widget elementor-widget-image\" data-id=\"f2491dd\" data-element_type=\"widget\" data-e-type=\"widget\" data-widget_type=\"image.default\">\n\t\t\t\t\t\t\t\t\t\t\t\t\t\t\t<img decoding=\"async\" width=\"683\" height=\"1024\" src=\"https:\/\/i0.wp.com\/jeanchristopheromera-photographie.com\/wp-content\/uploads\/2025\/06\/shooting_portraits_eclat-16.jpg?fit=683%2C1024&amp;ssl=1\" class=\"attachment-large size-large wp-image-1945\" alt=\"shooting_portraits_eclat\" srcset=\"https:\/\/i0.wp.com\/jeanchristopheromera-photographie.com\/wp-content\/uploads\/2025\/06\/shooting_portraits_eclat-16.jpg?w=1667&amp;ssl=1 1667w, https:\/\/i0.wp.com\/jeanchristopheromera-photographie.com\/wp-content\/uploads\/2025\/06\/shooting_portraits_eclat-16.jpg?resize=200%2C300&amp;ssl=1 200w, https:\/\/i0.wp.com\/jeanchristopheromera-photographie.com\/wp-content\/uploads\/2025\/06\/shooting_portraits_eclat-16.jpg?resize=683%2C1024&amp;ssl=1 683w, https:\/\/i0.wp.com\/jeanchristopheromera-photographie.com\/wp-content\/uploads\/2025\/06\/shooting_portraits_eclat-16.jpg?resize=768%2C1152&amp;ssl=1 768w, https:\/\/i0.wp.com\/jeanchristopheromera-photographie.com\/wp-content\/uploads\/2025\/06\/shooting_portraits_eclat-16.jpg?resize=1024%2C1536&amp;ssl=1 1024w, https:\/\/i0.wp.com\/jeanchristopheromera-photographie.com\/wp-content\/uploads\/2025\/06\/shooting_portraits_eclat-16.jpg?resize=1366%2C2048&amp;ssl=1 1366w, https:\/\/i0.wp.com\/jeanchristopheromera-photographie.com\/wp-content\/uploads\/2025\/06\/shooting_portraits_eclat-16.jpg?resize=854%2C1280&amp;ssl=1 854w, https:\/\/i0.wp.com\/jeanchristopheromera-photographie.com\/wp-content\/uploads\/2025\/06\/shooting_portraits_eclat-16.jpg?resize=800%2C1200&amp;ssl=1 800w, https:\/\/i0.wp.com\/jeanchristopheromera-photographie.com\/wp-content\/uploads\/2025\/06\/shooting_portraits_eclat-16.jpg?resize=960%2C1440&amp;ssl=1 960w\" sizes=\"(max-width: 683px) 100vw, 683px\" \/>\t\t\t\t\t\t\t\t\t\t\t\t\t\t\t<\/div>\n\t\t\t\t<div class=\"elementor-element elementor-element-e097216 elementor-widget elementor-widget-image\" data-id=\"e097216\" data-element_type=\"widget\" data-e-type=\"widget\" data-widget_type=\"image.default\">\n\t\t\t\t\t\t\t\t\t\t\t\t\t\t\t<img decoding=\"async\" width=\"683\" height=\"1024\" src=\"https:\/\/i0.wp.com\/jeanchristopheromera-photographie.com\/wp-content\/uploads\/2025\/06\/shooting_portraits_eclat-1.jpg?fit=683%2C1024&amp;ssl=1\" class=\"attachment-large size-large wp-image-1932\" alt=\"shooting_portraits_eclat\" srcset=\"https:\/\/i0.wp.com\/jeanchristopheromera-photographie.com\/wp-content\/uploads\/2025\/06\/shooting_portraits_eclat-1.jpg?w=1667&amp;ssl=1 1667w, https:\/\/i0.wp.com\/jeanchristopheromera-photographie.com\/wp-content\/uploads\/2025\/06\/shooting_portraits_eclat-1.jpg?resize=200%2C300&amp;ssl=1 200w, https:\/\/i0.wp.com\/jeanchristopheromera-photographie.com\/wp-content\/uploads\/2025\/06\/shooting_portraits_eclat-1.jpg?resize=683%2C1024&amp;ssl=1 683w, https:\/\/i0.wp.com\/jeanchristopheromera-photographie.com\/wp-content\/uploads\/2025\/06\/shooting_portraits_eclat-1.jpg?resize=768%2C1152&amp;ssl=1 768w, https:\/\/i0.wp.com\/jeanchristopheromera-photographie.com\/wp-content\/uploads\/2025\/06\/shooting_portraits_eclat-1.jpg?resize=1024%2C1536&amp;ssl=1 1024w, https:\/\/i0.wp.com\/jeanchristopheromera-photographie.com\/wp-content\/uploads\/2025\/06\/shooting_portraits_eclat-1.jpg?resize=1366%2C2048&amp;ssl=1 1366w, https:\/\/i0.wp.com\/jeanchristopheromera-photographie.com\/wp-content\/uploads\/2025\/06\/shooting_portraits_eclat-1.jpg?resize=854%2C1280&amp;ssl=1 854w, https:\/\/i0.wp.com\/jeanchristopheromera-photographie.com\/wp-content\/uploads\/2025\/06\/shooting_portraits_eclat-1.jpg?resize=800%2C1200&amp;ssl=1 800w, https:\/\/i0.wp.com\/jeanchristopheromera-photographie.com\/wp-content\/uploads\/2025\/06\/shooting_portraits_eclat-1.jpg?resize=960%2C1440&amp;ssl=1 960w\" sizes=\"(max-width: 683px) 100vw, 683px\" \/>\t\t\t\t\t\t\t\t\t\t\t\t\t\t\t<\/div>\n\t\t\t\t<\/div>\n\t\t\t\t<section class=\"elementor-section elementor-top-section elementor-element elementor-element-33176eaf elementor-section-boxed elementor-section-height-default elementor-section-height-default\" data-id=\"33176eaf\" data-element_type=\"section\" data-e-type=\"section\">\n\t\t\t\t\t\t<div class=\"elementor-container elementor-column-gap-default\">\n\t\t\t\t\t<div class=\"elementor-column elementor-col-100 elementor-top-column elementor-element elementor-element-739b94f1\" data-id=\"739b94f1\" data-element_type=\"column\" data-e-type=\"column\">\n\t\t\t<div class=\"elementor-widget-wrap elementor-element-populated\">\n\t\t\t\t\t\t<div class=\"elementor-element elementor-element-60b7e310 shadowcore-infocard-layout--horizontal shadowcore-caption-above--yes shadowcore-swap-head--no shadowcore-swap-cotent--no elementor-widget elementor-widget-shadow-info-card-grid\" data-id=\"60b7e310\" data-element_type=\"widget\" data-e-type=\"widget\" data-widget_type=\"shadow-info-card-grid.default\">\n\t\t\t\t<div class=\"elementor-widget-container\">\n\t\t\t\t\t\t\t<div class=\"shadowcore-service-card-grid\">\n\t\t\t\t\t<div class=\"shadowcore-service-card\">\n\t\t\t\t<div class=\"shadowcore-service-card__head\">\n\t\t\t\t\t<div class=\"shadowcore-service-card__image\">\n\t\t\t\t\t\t<div class=\"shadowcore-gallery-image shadowcore-div-image\" data-src=\"https:\/\/i0.wp.com\/jeanchristopheromera-photographie.com\/wp-content\/uploads\/2025\/06\/shooting_portrait_eveil-7.jpg?fit=683%2C1024&#038;ssl=1\">\n\t\t\t\t\t\t\t\t\t\t\t\t\t\t<img \n\t\t\t\t\t\t\t\tsrc=\"data:image\/svg+xml,%3Csvg%20xmlns='http:\/\/www.w3.org\/2000\/svg'%20viewBox='0%200%20512%20512'%3E%3C\/svg%3E\"\n\t\t\t\t\t\t\t\talt=\"shooting_portrait_eveil (7)\">\n\t\t\t\t\t\t\t\t\t\t\t\t\t<\/div>\n\t\t\t\t\t<\/div>\n\t\t\t\t\t<div class=\"shadowcore-service-card__label\">\n\t\t\t\t\t\t<span>(Re)d\u00e9couvrez votre beaut\u00e9. Une s\u00e9ance comme retour \u00e0 vous-m\u00eame<\/span>\n\t\t\t\t\t\t\u00c9VEIL \u2013 Se d\u00e9couvrir\t\t\t\t\t\t<span>(Re)d\u00e9couvrez votre beaut\u00e9. Une s\u00e9ance comme retour \u00e0 vous-m\u00eame<\/span>\n\t\t\t\t\t<\/div>\n\t\t\t\t<\/div><!-- .shadowcore-service-card__head -->\n\t\t\t\t<div class=\"shadowcore-service-card__content\">\n\t\t\t\t\t Il y a parfois un \u00e9cart entre ce qu\u2019on est\u2026 et ce qu\u2019on voit de soi.\n On oublie sa lumi\u00e8re, on se juge, on se cache.\n\u00c9veil est une s\u00e9ance pens\u00e9e pour que vous puissiez vous red\u00e9couvrir autrement, \u00e0 travers un regard bienveillant, sinc\u00e8re, humain.\n\t\t\t\t\t\n\t\t\t\t\t\t<div class=\"shadowcore-service-card__link\">\n\t\t\t\t\t\t\t<a href=\"inde.php\/eveil\/\" target=\"_self\"  class=\"shadowcore-service-card__link--text\">VOIR L&#039;OFFRE DE SHOOTING<\/a>\n\t\t\t\t\t\t<\/div>\t\t\t\t<\/div><!-- .shadowcore-service-card__content -->\n\t\t\t\t\t\t\t<\/div><!-- .shadowcore-service-card -->\n\t\t\t\t\t\t<div class=\"shadowcore-service-card\">\n\t\t\t\t<div class=\"shadowcore-service-card__head\">\n\t\t\t\t\t<div class=\"shadowcore-service-card__image\">\n\t\t\t\t\t\t<div class=\"shadowcore-gallery-image shadowcore-div-image\" data-src=\"https:\/\/i0.wp.com\/jeanchristopheromera-photographie.com\/wp-content\/uploads\/2025\/06\/Couv_envol.jpg?fit=683%2C1024&#038;ssl=1\">\n\t\t\t\t\t\t\t\t\t\t\t\t\t\t<img \n\t\t\t\t\t\t\t\tsrc=\"data:image\/svg+xml,%3Csvg%20xmlns='http:\/\/www.w3.org\/2000\/svg'%20viewBox='0%200%20512%20512'%3E%3C\/svg%3E\"\n\t\t\t\t\t\t\t\talt=\"Couv_envol\">\n\t\t\t\t\t\t\t\t\t\t\t\t\t<\/div>\n\t\t\t\t\t<\/div>\n\t\t\t\t\t<div class=\"shadowcore-service-card__label\">\n\t\t\t\t\t\t<span>Un accompagnement bienveillant pour affirmer votre regard et trouver votre voie<\/span>\n\t\t\t\t\t\t L\u2019ENVOL \u2013 Coaching photographique\t\t\t\t\t\t<span>Un accompagnement bienveillant pour affirmer votre regard et trouver votre voie<\/span>\n\t\t\t\t\t<\/div>\n\t\t\t\t<\/div><!-- .shadowcore-service-card__head -->\n\t\t\t\t<div class=\"shadowcore-service-card__content\">\n\t\t\t\t\t Vous aimez la photo, mais vous doutez parfois de vous. Vous cherchez votre style, votre direction, votre \u00e9lan.\n L\u2019Envol est un coaching pens\u00e9 pour vous \u2014 photographes en herbe ou passionn\u00e9\u00b7es en qu\u00eate de sens.\t\t\t\t\t\n\t\t\t\t\t\t<div class=\"shadowcore-service-card__link\">\n\t\t\t\t\t\t\t<a href=\"index.php\/envol\/\" target=\"_self\"  class=\"shadowcore-service-card__link--text\">VOIR L&#039;OFFRE DE FORMATION<\/a>\n\t\t\t\t\t\t<\/div>\t\t\t\t<\/div><!-- .shadowcore-service-card__content -->\n\t\t\t\t\t\t\t<\/div><!-- .shadowcore-service-card -->\n\t\t\t\t\t<\/div><!-- .shadowcore-service-card-grid -->\n\t\t\t\t\t\t<\/div>\n\t\t\t\t<\/div>\n\t\t\t\t\t<\/div>\n\t\t<\/div>\n\t\t\t\t\t<\/div>\n\t\t<\/section>\n\t\t\t\t<\/div>\n\t\t","protected":false},"excerpt":{"rendered":"<p>&#8220;Une parenth\u00e8se pour vous reconnecter \u00e0 votre puissance et votre beaut\u00e9.&#8221; Une s\u00e9ance \u00e9l\u00e9gante et lumineuse pour r\u00e9v\u00e9ler votre sensualit\u00e9. ECLAT &#8211; Osez briller Une s\u00e9ance \u00e9l\u00e9gante et lumineuse pour r\u00e9v\u00e9ler votre sensualit\u00e9. Vous avez en vous une lumi\u00e8re que vous ne voyez peut-\u00eatre pas encore.Une \u00e9l\u00e9gance naturelle, une sensualit\u00e9 douce, une puissance tranquille.La s\u00e9ance&#8230;<\/p>\n","protected":false},"author":2,"featured_media":0,"parent":0,"menu_order":0,"comment_status":"closed","ping_status":"closed","template":"","meta":{"jetpack_post_was_ever_published":false,"footnotes":""},"class_list":["post-1648","page","type-page","status-publish","hentry"],"jetpack_sharing_enabled":true,"_links":{"self":[{"href":"https:\/\/jeanchristopheromera-photographie.com\/index.php\/wp-json\/wp\/v2\/pages\/1648","targetHints":{"allow":["GET"]}}],"collection":[{"href":"https:\/\/jeanchristopheromera-photographie.com\/index.php\/wp-json\/wp\/v2\/pages"}],"about":[{"href":"https:\/\/jeanchristopheromera-photographie.com\/index.php\/wp-json\/wp\/v2\/types\/page"}],"author":[{"embeddable":true,"href":"https:\/\/jeanchristopheromera-photographie.com\/index.php\/wp-json\/wp\/v2\/users\/2"}],"replies":[{"embeddable":true,"href":"https:\/\/jeanchristopheromera-photographie.com\/index.php\/wp-json\/wp\/v2\/comments?post=1648"}],"version-history":[{"count":76,"href":"https:\/\/jeanchristopheromera-photographie.com\/index.php\/wp-json\/wp\/v2\/pages\/1648\/revisions"}],"predecessor-version":[{"id":2456,"href":"https:\/\/jeanchristopheromera-photographie.com\/index.php\/wp-json\/wp\/v2\/pages\/1648\/revisions\/2456"}],"wp:attachment":[{"href":"https:\/\/jeanchristopheromera-photographie.com\/index.php\/wp-json\/wp\/v2\/media?parent=1648"}],"curies":[{"name":"wp","href":"https:\/\/api.w.org\/{rel}","templated":true}]}}