{"id":1554,"date":"2025-06-18T14:05:00","date_gmt":"2025-06-18T12:05:00","guid":{"rendered":"http:\/\/jeanchristopheromera-photographie.com\/?page_id=1554"},"modified":"2025-06-20T15:29:18","modified_gmt":"2025-06-20T13:29:18","slug":"envol","status":"publish","type":"page","link":"https:\/\/jeanchristopheromera-photographie.com\/index.php\/envol\/","title":{"rendered":"Envol"},"content":{"rendered":"\t\t<div data-elementor-type=\"wp-page\" data-elementor-id=\"1554\" class=\"elementor elementor-1554\">\n\t\t\t\t<div class=\"elementor-element elementor-element-fed3a95 e-flex e-con-boxed e-con e-parent\" data-id=\"fed3a95\" data-element_type=\"container\" data-e-type=\"container\">\n\t\t\t\t\t<div class=\"e-con-inner\">\n\t\t\t\t<div class=\"elementor-element elementor-element-22c74a2 elementor-widget elementor-widget-text-editor\" data-id=\"22c74a2\" data-element_type=\"widget\" data-e-type=\"widget\" data-widget_type=\"text-editor.default\">\n\t\t\t\t\t\t\t\t\t<p>&#8220;R\u00e9v\u00e9ler le photographe qui sommeille en vous.&#8221;<\/p>\t\t\t\t\t\t\t\t<\/div>\n\t\t\t\t\t<\/div>\n\t\t\t\t<\/div>\n\t\t<div class=\"elementor-element elementor-element-66b90f4 e-con-full e-flex e-con e-parent\" data-id=\"66b90f4\" data-element_type=\"container\" data-e-type=\"container\">\n\t\t<div class=\"elementor-element elementor-element-47d90f1c e-con-full e-flex e-con e-child\" data-id=\"47d90f1c\" data-element_type=\"container\" data-e-type=\"container\">\n\t\t\t\t<div class=\"elementor-element elementor-element-77c8e0c3 shadowcore-infocard-layout--horizontal shadowcore-caption-above--yes shadowcore-swap-head--no shadowcore-swap-cotent--no elementor-widget elementor-widget-shadow-info-card\" data-id=\"77c8e0c3\" data-element_type=\"widget\" data-e-type=\"widget\" data-widget_type=\"shadow-info-card.default\">\n\t\t\t\t<div class=\"elementor-widget-container\">\n\t\t\t\t\t\t\t<div class=\"shadowcore-service-card\">\n\t\t\t<div class=\"shadowcore-service-card__head\">\n\t\t\t\t<div class=\"shadowcore-service-card__image\">\n\t\t\t\t\t\t\t\t\t\t<div class=\"shadowcore-gallery-image shadowcore-div-image\" data-src=\"https:\/\/i0.wp.com\/jeanchristopheromera-photographie.com\/wp-content\/uploads\/2025\/06\/Couv_envol.jpg?fit=683%2C1024&#038;ssl=1\">\n\t\t\t\t\t\t\t\t\t\t\t\t<img \n\t\t\t\t\t\t\tsrc=\"data:image\/svg+xml,%3Csvg%20xmlns='http:\/\/www.w3.org\/2000\/svg'%20viewBox='0%200%20512%20512'%3E%3C\/svg%3E\"\n\t\t\t\t\t\t\talt=\"Couv_envol\">\n\t\t\t\t\t\t\t\t\t\t\t<\/div>\n\t\t\t\t\t\t\t\t\t<\/div>\n\t\t\t\t<div class=\"shadowcore-service-card__label\">\n\t\t\t\t\t<span>Un accompagnement bienveillant pour affirmer votre regard et trouver votre voie.<\/span>\n\t\t\t\t\tL\u2019ENVOL \u2013 Coaching photo\t\t\t\t\t<span>Un accompagnement bienveillant pour affirmer votre regard et trouver votre voie.<\/span>\n\t\t\t\t<\/div>\n\t\t\t<\/div><!-- .shadowcore-service-card__head -->\n\t\t\t<div class=\"shadowcore-service-card__content\">\n\t\t\t\t\t\t\t\t\t\t\t<\/div><!-- .shadowcore-service-card__content -->\n\t\t\t\t\t<\/div><!-- .shadowcore-service-card -->\n\t\t\t\t\t\t<\/div>\n\t\t\t\t<\/div>\n\t\t\t\t<div class=\"elementor-element elementor-element-71a0996 elementor-widget elementor-widget-text-editor\" data-id=\"71a0996\" data-element_type=\"widget\" data-e-type=\"widget\" data-widget_type=\"text-editor.default\">\n\t\t\t\t\t\t\t\t\t<p>Vous aimez la photo, mais vous doutez parfois de vous. Vous cherchez votre style, votre direction, votre \u00e9lan.<br \/>L\u2019Envol est un coaching pens\u00e9 pour vous \u2014 photographes en herbe ou passionn\u00e9\u00b7es en qu\u00eate de sens.<br \/>\u00c0 travers des \u00e9changes profonds, des exercices personnalis\u00e9s et un regard sinc\u00e8re sur votre travail, je vous aide \u00e0 poser les bases solides de votre identit\u00e9 photographique.<br \/>Pas de recette toute faite : on avance ensemble, \u00e0 votre rythme, avec bienveillance et exigence douce.<\/p><p>Que vous soyez bloqu\u00e9\u00b7e techniquement, perdu\u00b7e artistiquement ou en besoin d\u2019une impulsion : je vous accompagne pour vous sentir l\u00e9gitime et libre dans votre cr\u00e9ation.<\/p><p>Il est temps de prendre votre envol.<\/p><h5>DESCRIPTIF<\/h5><p>Un accompagnement cr\u00e9atif et humain, pour affirmer votre style et gagner en confiance.<\/p><h5>Comment se d\u00e9roule l\u2019accompagnement ?<\/h5><p>Premier contact (appel + questionnaire) : un \u00e9change t\u00e9l\u00e9phonique et un questionnaire d\u2019introspection permettent de cerner votre parcours, vos attentes, votre personnalit\u00e9 et vos aspirations artistiques.<\/p><h5>Un parcours sur-mesure sur plusieurs mois :\u00a0<\/h5><p>\u2013 Format flexible selon votre budget et votre rythme<br \/>\u2013 Base recommand\u00e9e : 2 ateliers par mois pendant 4 mois<br \/>\u2013 Un espace-temps entre les ateliers pour exp\u00e9rimenter, pratiquer, questionner<\/p><h5>Les ateliers (1h30 minimum chacun) :<\/h5><p>\u2013 En pr\u00e9sentiel (rayon de 30 km autour de Besan\u00e7on)<br \/>\u2013 Des lieux choisis pour stimuler l\u2019imaginaire : for\u00eat, ville, parc animalier, circuits auto, village m\u00e9di\u00e9val, \u00e9v\u00e9nements sportifs\u2026<\/p>\t\t\t\t\t\t\t\t<\/div>\n\t\t\t\t<\/div>\n\t\t<div class=\"elementor-element elementor-element-54810bd2 e-con-full e-flex e-con e-child\" data-id=\"54810bd2\" data-element_type=\"container\" data-e-type=\"container\">\n\t\t\t\t<div class=\"elementor-element elementor-element-54dccdb9 elementor-widget elementor-widget-text-editor\" data-id=\"54dccdb9\" data-element_type=\"widget\" data-e-type=\"widget\" data-widget_type=\"text-editor.default\">\n\t\t\t\t\t\t\t\t\t<p>\u2013 S\u00e9ances actives : prise de vue accompagn\u00e9e, techniques en situation r\u00e9elle, \u00e9changes sur vos ressentis.<\/p><h5>Th\u00e8mes possibles :<\/h5><ul><li style=\"font-weight: 400;\" aria-level=\"1\">Ma\u00eetrise de votre bo\u00eetier et de la lumi\u00e8re naturelle ou artificielle<\/li><\/ul><ul><li style=\"font-weight: 400;\" aria-level=\"1\">Approche du flash en ext\u00e9rieur ou studio<\/li><\/ul><ul><li style=\"font-weight: 400;\" aria-level=\"1\">Comprendre et utiliser les r\u00e8gles artistiques de base<\/li><\/ul><ul><li style=\"font-weight: 400;\" aria-level=\"1\">Explorer et affirmer votre univers photographique personnel<\/li><\/ul><ol start=\"4\"><li>Suivi personnalis\u00e9 entre les ateliers :<br \/>\u2013 Analyse r\u00e9guli\u00e8re de vos images r\u00e9alis\u00e9es entre les s\u00e9ances<br \/>\u2013 Ajustements progressifs du programme selon votre \u00e9volution<br \/>\u2013 Planning clair avec souplesse, pour favoriser vos d\u00e9clics<\/li><li>Cl\u00f4ture &amp; transmission<br \/>\u2013 Bilan global de votre progression technique et cr\u00e9ative<br \/>\u2013 Axes d\u2019approfondissement identifi\u00e9s<br \/>\u2013 Remise d\u2019un support num\u00e9rique avec ressources utiles<br \/>\u2013 Dernier \u00e9change pour envisager la suite de votre trajectoire<\/li><\/ol><p>L\u2019Envol n\u2019est pas une formation classique. C\u2019est une exploration accompagn\u00e9e de votre regard, pour r\u00e9v\u00e9ler le photographe qui sommeille en vous.<\/p><h5>Tarifs \u2013 L\u2019Envol<\/h5><p>Parcours complet recommand\u00e9 (4 mois \u2013 8 ateliers)<\/p><ul><li style=\"font-weight: 400;\" aria-level=\"1\">8 ateliers personnalis\u00e9s de 1h30 minimum<\/li><li style=\"font-weight: 400;\" aria-level=\"1\">Analyse r\u00e9guli\u00e8re de vos photos + bilan de fin de parcours<\/li><li style=\"font-weight: 400;\" aria-level=\"1\">Lieux vari\u00e9s et inspirants<\/li><li style=\"font-weight: 400;\" aria-level=\"1\">Ressources num\u00e9riques incluses<\/li><\/ul><h5>960 \u20ac TTC <br \/><span style=\"font-size: 16px;\">(soit 120 \u20ac par atelier)<\/span><\/h5><p>Parcours all\u00e9g\u00e9 ou \u00e0 la carte<\/p><ul><li style=\"font-weight: 400;\" aria-level=\"1\">Ateliers unitaires ou duo possibles<\/li><li style=\"font-weight: 400;\" aria-level=\"1\">Sur devis selon vos besoins, dur\u00e9e et fr\u00e9quence. \u00c0 partir de 130 \u20ac l\u2019atelier<\/li><\/ul><p><em>Possibilit\u00e9 de r\u00e8glement \u00e9chelonn\u00e9 \u2013 Me contacter pour construire un parcours adapt\u00e9 \u00e0 vos envies et votre rythme.<\/em><\/p>\t\t\t\t\t\t\t\t<\/div>\n\t\t\t\t<\/div>\n\t\t\t\t<\/div>\n\t\t<div class=\"elementor-element elementor-element-8b0fae0 e-grid e-con-boxed e-con e-parent\" data-id=\"8b0fae0\" data-element_type=\"container\" data-e-type=\"container\">\n\t\t\t\t\t<div class=\"e-con-inner\">\n\t\t\t\t<div class=\"elementor-element elementor-element-477b2af elementor-widget elementor-widget-image\" data-id=\"477b2af\" data-element_type=\"widget\" data-e-type=\"widget\" data-widget_type=\"image.default\">\n\t\t\t\t\t\t\t\t\t\t\t\t\t\t\t<img fetchpriority=\"high\" decoding=\"async\" width=\"683\" height=\"1024\" src=\"https:\/\/i0.wp.com\/jeanchristopheromera-photographie.com\/wp-content\/uploads\/2025\/06\/Envol-01-1-1-scaled.jpg?fit=683%2C1024&amp;ssl=1\" class=\"attachment-large size-large wp-image-2062\" alt=\"Formation 1\" srcset=\"https:\/\/i0.wp.com\/jeanchristopheromera-photographie.com\/wp-content\/uploads\/2025\/06\/Envol-01-1-1-scaled.jpg?w=1707&amp;ssl=1 1707w, https:\/\/i0.wp.com\/jeanchristopheromera-photographie.com\/wp-content\/uploads\/2025\/06\/Envol-01-1-1-scaled.jpg?resize=200%2C300&amp;ssl=1 200w, https:\/\/i0.wp.com\/jeanchristopheromera-photographie.com\/wp-content\/uploads\/2025\/06\/Envol-01-1-1-scaled.jpg?resize=683%2C1024&amp;ssl=1 683w, https:\/\/i0.wp.com\/jeanchristopheromera-photographie.com\/wp-content\/uploads\/2025\/06\/Envol-01-1-1-scaled.jpg?resize=768%2C1152&amp;ssl=1 768w, https:\/\/i0.wp.com\/jeanchristopheromera-photographie.com\/wp-content\/uploads\/2025\/06\/Envol-01-1-1-scaled.jpg?resize=1024%2C1536&amp;ssl=1 1024w, https:\/\/i0.wp.com\/jeanchristopheromera-photographie.com\/wp-content\/uploads\/2025\/06\/Envol-01-1-1-scaled.jpg?resize=1365%2C2048&amp;ssl=1 1365w, https:\/\/i0.wp.com\/jeanchristopheromera-photographie.com\/wp-content\/uploads\/2025\/06\/Envol-01-1-1-scaled.jpg?resize=853%2C1280&amp;ssl=1 853w, https:\/\/i0.wp.com\/jeanchristopheromera-photographie.com\/wp-content\/uploads\/2025\/06\/Envol-01-1-1-scaled.jpg?resize=800%2C1200&amp;ssl=1 800w, https:\/\/i0.wp.com\/jeanchristopheromera-photographie.com\/wp-content\/uploads\/2025\/06\/Envol-01-1-1-scaled.jpg?resize=960%2C1440&amp;ssl=1 960w\" sizes=\"(max-width: 683px) 100vw, 683px\" \/>\t\t\t\t\t\t\t\t\t\t\t\t\t\t\t<\/div>\n\t\t\t\t<div class=\"elementor-element elementor-element-78a7e2c elementor-widget elementor-widget-image\" data-id=\"78a7e2c\" data-element_type=\"widget\" data-e-type=\"widget\" data-widget_type=\"image.default\">\n\t\t\t\t\t\t\t\t\t\t\t\t\t\t\t<img decoding=\"async\" width=\"683\" height=\"1024\" src=\"https:\/\/i0.wp.com\/jeanchristopheromera-photographie.com\/wp-content\/uploads\/2025\/06\/Envol-04.jpg?fit=683%2C1024&amp;ssl=1\" class=\"attachment-large size-large wp-image-2058\" alt=\"\" srcset=\"https:\/\/i0.wp.com\/jeanchristopheromera-photographie.com\/wp-content\/uploads\/2025\/06\/Envol-04.jpg?w=1365&amp;ssl=1 1365w, https:\/\/i0.wp.com\/jeanchristopheromera-photographie.com\/wp-content\/uploads\/2025\/06\/Envol-04.jpg?resize=200%2C300&amp;ssl=1 200w, https:\/\/i0.wp.com\/jeanchristopheromera-photographie.com\/wp-content\/uploads\/2025\/06\/Envol-04.jpg?resize=683%2C1024&amp;ssl=1 683w, https:\/\/i0.wp.com\/jeanchristopheromera-photographie.com\/wp-content\/uploads\/2025\/06\/Envol-04.jpg?resize=768%2C1152&amp;ssl=1 768w, https:\/\/i0.wp.com\/jeanchristopheromera-photographie.com\/wp-content\/uploads\/2025\/06\/Envol-04.jpg?resize=1024%2C1536&amp;ssl=1 1024w, https:\/\/i0.wp.com\/jeanchristopheromera-photographie.com\/wp-content\/uploads\/2025\/06\/Envol-04.jpg?resize=853%2C1280&amp;ssl=1 853w, https:\/\/i0.wp.com\/jeanchristopheromera-photographie.com\/wp-content\/uploads\/2025\/06\/Envol-04.jpg?resize=800%2C1200&amp;ssl=1 800w, https:\/\/i0.wp.com\/jeanchristopheromera-photographie.com\/wp-content\/uploads\/2025\/06\/Envol-04.jpg?resize=960%2C1440&amp;ssl=1 960w\" sizes=\"(max-width: 683px) 100vw, 683px\" \/>\t\t\t\t\t\t\t\t\t\t\t\t\t\t\t<\/div>\n\t\t\t\t<div class=\"elementor-element elementor-element-f71dda6 elementor-widget elementor-widget-image\" data-id=\"f71dda6\" data-element_type=\"widget\" data-e-type=\"widget\" data-widget_type=\"image.default\">\n\t\t\t\t\t\t\t\t\t\t\t\t\t\t\t<img decoding=\"async\" width=\"683\" height=\"1024\" src=\"https:\/\/i0.wp.com\/jeanchristopheromera-photographie.com\/wp-content\/uploads\/2025\/06\/Envol-03.jpg?fit=683%2C1024&amp;ssl=1\" class=\"attachment-large size-large wp-image-2057\" alt=\"\" srcset=\"https:\/\/i0.wp.com\/jeanchristopheromera-photographie.com\/wp-content\/uploads\/2025\/06\/Envol-03.jpg?w=1667&amp;ssl=1 1667w, https:\/\/i0.wp.com\/jeanchristopheromera-photographie.com\/wp-content\/uploads\/2025\/06\/Envol-03.jpg?resize=200%2C300&amp;ssl=1 200w, https:\/\/i0.wp.com\/jeanchristopheromera-photographie.com\/wp-content\/uploads\/2025\/06\/Envol-03.jpg?resize=683%2C1024&amp;ssl=1 683w, https:\/\/i0.wp.com\/jeanchristopheromera-photographie.com\/wp-content\/uploads\/2025\/06\/Envol-03.jpg?resize=768%2C1152&amp;ssl=1 768w, https:\/\/i0.wp.com\/jeanchristopheromera-photographie.com\/wp-content\/uploads\/2025\/06\/Envol-03.jpg?resize=1024%2C1536&amp;ssl=1 1024w, https:\/\/i0.wp.com\/jeanchristopheromera-photographie.com\/wp-content\/uploads\/2025\/06\/Envol-03.jpg?resize=1366%2C2048&amp;ssl=1 1366w, https:\/\/i0.wp.com\/jeanchristopheromera-photographie.com\/wp-content\/uploads\/2025\/06\/Envol-03.jpg?resize=854%2C1280&amp;ssl=1 854w, https:\/\/i0.wp.com\/jeanchristopheromera-photographie.com\/wp-content\/uploads\/2025\/06\/Envol-03.jpg?resize=800%2C1200&amp;ssl=1 800w, https:\/\/i0.wp.com\/jeanchristopheromera-photographie.com\/wp-content\/uploads\/2025\/06\/Envol-03.jpg?resize=960%2C1440&amp;ssl=1 960w\" sizes=\"(max-width: 683px) 100vw, 683px\" \/>\t\t\t\t\t\t\t\t\t\t\t\t\t\t\t<\/div>\n\t\t\t\t\t<\/div>\n\t\t\t\t<\/div>\n\t\t\t\t<section class=\"elementor-section elementor-top-section elementor-element elementor-element-774c3f0a elementor-section-boxed elementor-section-height-default elementor-section-height-default\" data-id=\"774c3f0a\" data-element_type=\"section\" data-e-type=\"section\">\n\t\t\t\t\t\t<div class=\"elementor-container elementor-column-gap-default\">\n\t\t\t\t\t<div class=\"elementor-column elementor-col-100 elementor-top-column elementor-element elementor-element-5cc1d914\" data-id=\"5cc1d914\" data-element_type=\"column\" data-e-type=\"column\">\n\t\t\t<div class=\"elementor-widget-wrap elementor-element-populated\">\n\t\t\t\t\t\t<div class=\"elementor-element elementor-element-14b199bd shadowcore-infocard-layout--horizontal shadowcore-caption-above--yes shadowcore-swap-head--no shadowcore-swap-cotent--no elementor-widget elementor-widget-shadow-info-card-grid\" data-id=\"14b199bd\" data-element_type=\"widget\" data-e-type=\"widget\" data-widget_type=\"shadow-info-card-grid.default\">\n\t\t\t\t<div class=\"elementor-widget-container\">\n\t\t\t\t\t\t\t<div class=\"shadowcore-service-card-grid\">\n\t\t\t\t\t<div class=\"shadowcore-service-card\">\n\t\t\t\t<div class=\"shadowcore-service-card__head\">\n\t\t\t\t\t<div class=\"shadowcore-service-card__image\">\n\t\t\t\t\t\t<div class=\"shadowcore-gallery-image shadowcore-div-image\" data-src=\"https:\/\/i0.wp.com\/jeanchristopheromera-photographie.com\/wp-content\/uploads\/2025\/06\/shooting_portraits_eclat-4.jpg?fit=1024%2C683&#038;ssl=1\">\n\t\t\t\t\t\t\t\t\t\t\t\t\t\t<img \n\t\t\t\t\t\t\t\tsrc=\"data:image\/svg+xml,%3Csvg%20xmlns='http:\/\/www.w3.org\/2000\/svg'%20viewBox='0%200%20512%20512'%3E%3C\/svg%3E\"\n\t\t\t\t\t\t\t\talt=\"shooting_portraits_eclat (4)\">\n\t\t\t\t\t\t\t\t\t\t\t\t\t<\/div>\n\t\t\t\t\t<\/div>\n\t\t\t\t\t<div class=\"shadowcore-service-card__label\">\n\t\t\t\t\t\t<span> Une s\u00e9ance \u00e9l\u00e9gante et lumineuse pour r\u00e9v\u00e9ler votre sensualit\u00e9<\/span>\n\t\t\t\t\t\t\u00c9CLAT \u2013 Osez briller\t\t\t\t\t\t<span> Une s\u00e9ance \u00e9l\u00e9gante et lumineuse pour r\u00e9v\u00e9ler votre sensualit\u00e9<\/span>\n\t\t\t\t\t<\/div>\n\t\t\t\t<\/div><!-- .shadowcore-service-card__head -->\n\t\t\t\t<div class=\"shadowcore-service-card__content\">\n\t\t\t\t\tVous avez en vous une lumi\u00e8re que vous ne voyez peut-\u00eatre pas encore.\n Une \u00e9l\u00e9gance naturelle, une sensualit\u00e9 douce, une puissance tranquille.\n La s\u00e9ance \u00c9clat, c\u2019est un moment pour vous \u2014 pour vous reconnecter \u00e0 ce feu int\u00e9rieur, celui qui vous rend unique...\t\t\t\t\t\n\t\t\t\t\t\t<div class=\"shadowcore-service-card__link\">\n\t\t\t\t\t\t\t<a href=\"\/index.php\/eclat\/\" target=\"_self\"  class=\"shadowcore-service-card__link--text\">VOIR L&#039;OFFRE DE SHOOTING<\/a>\n\t\t\t\t\t\t<\/div>\t\t\t\t<\/div><!-- .shadowcore-service-card__content -->\n\t\t\t\t\t\t\t<\/div><!-- .shadowcore-service-card -->\n\t\t\t\t\t\t<div class=\"shadowcore-service-card\">\n\t\t\t\t<div class=\"shadowcore-service-card__head\">\n\t\t\t\t\t<div class=\"shadowcore-service-card__image\">\n\t\t\t\t\t\t<div class=\"shadowcore-gallery-image shadowcore-div-image\" data-src=\"https:\/\/i0.wp.com\/jeanchristopheromera-photographie.com\/wp-content\/uploads\/2025\/06\/shooting_portrait_eveil-7.jpg?fit=683%2C1024&#038;ssl=1\">\n\t\t\t\t\t\t\t\t\t\t\t\t\t\t<img \n\t\t\t\t\t\t\t\tsrc=\"data:image\/svg+xml,%3Csvg%20xmlns='http:\/\/www.w3.org\/2000\/svg'%20viewBox='0%200%20512%20512'%3E%3C\/svg%3E\"\n\t\t\t\t\t\t\t\talt=\"shooting_portrait_eveil (7)\">\n\t\t\t\t\t\t\t\t\t\t\t\t\t<\/div>\n\t\t\t\t\t<\/div>\n\t\t\t\t\t<div class=\"shadowcore-service-card__label\">\n\t\t\t\t\t\t<span>(Re)d\u00e9couvrez votre beaut\u00e9. Une s\u00e9ance comme retour \u00e0 vous-m\u00eame<\/span>\n\t\t\t\t\t\t\u00c9VEIL \u2013 Se d\u00e9couvrir\t\t\t\t\t\t<span>(Re)d\u00e9couvrez votre beaut\u00e9. Une s\u00e9ance comme retour \u00e0 vous-m\u00eame<\/span>\n\t\t\t\t\t<\/div>\n\t\t\t\t<\/div><!-- .shadowcore-service-card__head -->\n\t\t\t\t<div class=\"shadowcore-service-card__content\">\n\t\t\t\t\t Il y a parfois un \u00e9cart entre ce qu\u2019on est\u2026 et ce qu\u2019on voit de soi.\n On oublie sa lumi\u00e8re, on se juge, on se cache.\n\u00c9veil est une s\u00e9ance pens\u00e9e pour que vous puissiez vous red\u00e9couvrir autrement, \u00e0 travers un regard bienveillant, sinc\u00e8re, humain.\n\t\t\t\t\t\n\t\t\t\t\t\t<div class=\"shadowcore-service-card__link\">\n\t\t\t\t\t\t\t<a href=\"\/index.php\/eveil\/\" target=\"_self\"  class=\"shadowcore-service-card__link--text\">VOIR L&#039;OFFRE DE SHOOTING<\/a>\n\t\t\t\t\t\t<\/div>\t\t\t\t<\/div><!-- .shadowcore-service-card__content -->\n\t\t\t\t\t\t\t<\/div><!-- .shadowcore-service-card -->\n\t\t\t\t\t<\/div><!-- .shadowcore-service-card-grid -->\n\t\t\t\t\t\t<\/div>\n\t\t\t\t<\/div>\n\t\t\t\t\t<\/div>\n\t\t<\/div>\n\t\t\t\t\t<\/div>\n\t\t<\/section>\n\t\t\t\t<\/div>\n\t\t","protected":false},"excerpt":{"rendered":"<p>&#8220;R\u00e9v\u00e9ler le photographe qui sommeille en vous.&#8221; Un accompagnement bienveillant pour affirmer votre regard et trouver votre voie. L\u2019ENVOL \u2013 Coaching photo Un accompagnement bienveillant pour affirmer votre regard et trouver votre voie. Vous aimez la photo, mais vous doutez parfois de vous. Vous cherchez votre style, votre direction, votre \u00e9lan.L\u2019Envol est un coaching pens\u00e9&#8230;<\/p>\n","protected":false},"author":2,"featured_media":0,"parent":0,"menu_order":0,"comment_status":"closed","ping_status":"closed","template":"","meta":{"jetpack_post_was_ever_published":false,"footnotes":""},"class_list":["post-1554","page","type-page","status-publish","hentry"],"jetpack_sharing_enabled":true,"_links":{"self":[{"href":"https:\/\/jeanchristopheromera-photographie.com\/index.php\/wp-json\/wp\/v2\/pages\/1554","targetHints":{"allow":["GET"]}}],"collection":[{"href":"https:\/\/jeanchristopheromera-photographie.com\/index.php\/wp-json\/wp\/v2\/pages"}],"about":[{"href":"https:\/\/jeanchristopheromera-photographie.com\/index.php\/wp-json\/wp\/v2\/types\/page"}],"author":[{"embeddable":true,"href":"https:\/\/jeanchristopheromera-photographie.com\/index.php\/wp-json\/wp\/v2\/users\/2"}],"replies":[{"embeddable":true,"href":"https:\/\/jeanchristopheromera-photographie.com\/index.php\/wp-json\/wp\/v2\/comments?post=1554"}],"version-history":[{"count":45,"href":"https:\/\/jeanchristopheromera-photographie.com\/index.php\/wp-json\/wp\/v2\/pages\/1554\/revisions"}],"predecessor-version":[{"id":2146,"href":"https:\/\/jeanchristopheromera-photographie.com\/index.php\/wp-json\/wp\/v2\/pages\/1554\/revisions\/2146"}],"wp:attachment":[{"href":"https:\/\/jeanchristopheromera-photographie.com\/index.php\/wp-json\/wp\/v2\/media?parent=1554"}],"curies":[{"name":"wp","href":"https:\/\/api.w.org\/{rel}","templated":true}]}}