{"id":1504,"date":"2025-06-18T11:10:50","date_gmt":"2025-06-18T09:10:50","guid":{"rendered":"http:\/\/jeanchristopheromera-photographie.com\/?page_id=1504"},"modified":"2025-06-20T15:30:47","modified_gmt":"2025-06-20T13:30:47","slug":"eveil","status":"publish","type":"page","link":"https:\/\/jeanchristopheromera-photographie.com\/index.php\/eveil\/","title":{"rendered":"Eveil"},"content":{"rendered":"\t\t<div data-elementor-type=\"wp-page\" data-elementor-id=\"1504\" class=\"elementor elementor-1504\">\n\t\t\t\t<div class=\"elementor-element elementor-element-41d9f2ea e-flex e-con-boxed e-con e-parent\" data-id=\"41d9f2ea\" data-element_type=\"container\" data-e-type=\"container\">\n\t\t\t\t\t<div class=\"e-con-inner\">\n\t\t\t\t<div class=\"elementor-element elementor-element-6f7cb61c elementor-widget elementor-widget-text-editor\" data-id=\"6f7cb61c\" data-element_type=\"widget\" data-e-type=\"widget\" data-widget_type=\"text-editor.default\">\n\t\t\t\t\t\t\t\t\t<p>&#8220;Un chemin de confiance, de lib\u00e9ration<br \/>et de reconnexion \u00e0 soi.&#8221;<\/p>\t\t\t\t\t\t\t\t<\/div>\n\t\t\t\t\t<\/div>\n\t\t\t\t<\/div>\n\t\t<div class=\"elementor-element elementor-element-7aba30cb e-con-full e-flex e-con e-parent\" data-id=\"7aba30cb\" data-element_type=\"container\" data-e-type=\"container\">\n\t\t<div class=\"elementor-element elementor-element-461ff11f e-con-full e-flex e-con e-child\" data-id=\"461ff11f\" data-element_type=\"container\" data-e-type=\"container\">\n\t\t\t\t<div class=\"elementor-element elementor-element-3650a12c shadowcore-infocard-layout--horizontal shadowcore-caption-above--yes shadowcore-swap-head--no shadowcore-swap-cotent--no elementor-widget elementor-widget-shadow-info-card\" data-id=\"3650a12c\" data-element_type=\"widget\" data-e-type=\"widget\" data-widget_type=\"shadow-info-card.default\">\n\t\t\t\t<div class=\"elementor-widget-container\">\n\t\t\t\t\t\t\t<div class=\"shadowcore-service-card\">\n\t\t\t<div class=\"shadowcore-service-card__head\">\n\t\t\t\t<div class=\"shadowcore-service-card__image\">\n\t\t\t\t\t\t\t\t\t\t<div class=\"shadowcore-gallery-image shadowcore-div-image\" data-src=\"https:\/\/i0.wp.com\/jeanchristopheromera-photographie.com\/wp-content\/uploads\/2025\/06\/shooting_portrait_eveil-7.jpg?fit=683%2C1024&#038;ssl=1\">\n\t\t\t\t\t\t\t\t\t\t\t\t<img \n\t\t\t\t\t\t\tsrc=\"data:image\/svg+xml,%3Csvg%20xmlns='http:\/\/www.w3.org\/2000\/svg'%20viewBox='0%200%20512%20512'%3E%3C\/svg%3E\"\n\t\t\t\t\t\t\talt=\"shooting_portrait_eveil (7)\">\n\t\t\t\t\t\t\t\t\t\t\t<\/div>\n\t\t\t\t\t\t\t\t\t<\/div>\n\t\t\t\t<div class=\"shadowcore-service-card__label\">\n\t\t\t\t\t<span>(Re)d\u00e9couvrez votre beaut\u00e9. Une s\u00e9ance-photo comme un retour \u00e0 vous-m\u00eame<\/span>\n\t\t\t\t\t\u00c9VEIL \u2013 Se red\u00e9couvrir \u00e0 travers l\u2019image \t\t\t\t\t<span>(Re)d\u00e9couvrez votre beaut\u00e9. Une s\u00e9ance-photo comme un retour \u00e0 vous-m\u00eame<\/span>\n\t\t\t\t<\/div>\n\t\t\t<\/div><!-- .shadowcore-service-card__head -->\n\t\t\t<div class=\"shadowcore-service-card__content\">\n\t\t\t\t\t\t\t\t\t\t\t<\/div><!-- .shadowcore-service-card__content -->\n\t\t\t\t\t<\/div><!-- .shadowcore-service-card -->\n\t\t\t\t\t\t<\/div>\n\t\t\t\t<\/div>\n\t\t\t\t<div class=\"elementor-element elementor-element-7f8f6d0a elementor-widget elementor-widget-text-editor\" data-id=\"7f8f6d0a\" data-element_type=\"widget\" data-e-type=\"widget\" data-widget_type=\"text-editor.default\">\n\t\t\t\t\t\t\t\t\t<p>Il y a parfois un \u00e9cart entre ce qu\u2019on est\u2026 et ce qu\u2019on voit de soi.<br \/>On oublie sa lumi\u00e8re, on se juge, on se cache.<br \/>\u00c9veil est une s\u00e9ance pens\u00e9e pour que vous puissiez vous red\u00e9couvrir autrement, \u00e0 travers un regard bienveillant, sinc\u00e8re, humain.<br \/>Je vous accueille avec douceur, sans attentes, sans masque.<br \/>Pas besoin de savoir poser : vous n\u2019avez rien \u00e0 prouver.<br \/>Je suis l\u00e0 pour capter ce qui vibre en vous, ce qui fait votre force, votre beaut\u00e9, votre v\u00e9rit\u00e9.<\/p><p>Ensemble, nous cr\u00e9erons des images qui vous ressemblent, qui vous reconnectent \u00e0 vous,<br \/>et qui vous accompagnent longtemps comme un rappel :<br \/>vous \u00eates belle, vivante, unique.<\/p><p>Et si vous vous donniez la permission de vous voir vraiment ?<\/p><h5>descriptif<\/h5><p>Un accompagnement photographique en trois temps, pour renouer avec votre beaut\u00e9 profonde.<\/p><h5><br \/>Comment se d\u00e9roule le parcours ?<\/h5><p>1. \u00c9change t\u00e9l\u00e9phonique initial (30 min)<br \/>Un premier contact pour comprendre votre histoire, vos besoins, et poser ensemble les bases d\u2019une relation de confiance.<\/p>\t\t\t\t\t\t\t\t<\/div>\n\t\t\t\t<\/div>\n\t\t<div class=\"elementor-element elementor-element-28a4480 e-con-full e-flex e-con e-child\" data-id=\"28a4480\" data-element_type=\"container\" data-e-type=\"container\">\n\t\t\t\t<div class=\"elementor-element elementor-element-1a59701e elementor-widget elementor-widget-text-editor\" data-id=\"1a59701e\" data-element_type=\"widget\" data-e-type=\"widget\" data-widget_type=\"text-editor.default\">\n\t\t\t\t\t\t\t\t\t<p>2. Premi\u00e8re s\u00e9ance \u2013 Connexion (2h30)<br \/>\u2013 1h d\u2019\u00e9change, sans appareil, pour cr\u00e9er un lien, une vraie rencontre<br \/>\u2013 1h30 de shooting dans un lieu naturel et rassurant, choisi ensemble.<\/p><p>3. Deuxi\u00e8me et troisi\u00e8me s\u00e9ances (1h30 chacune)<br \/>\u2013 Deux temps de prise de vue espac\u00e9s, pour observer votre \u00e9volution<br \/>\u2013 Une pr\u00e9sence bienveillante, sans pression, pour vous laisser \u00eatre pleinement vous.<br \/><br \/>4. Apr\u00e8s chaque s\u00e9ance : un d\u00e9briefing personnalis\u00e9<br \/>\u2013 \u00c9change sur vos ressentis<br \/>\u2013 D\u00e9couverte des images ensemble<br \/>\u2013 Mise en lumi\u00e8re de votre progression int\u00e9rieure et photographique<\/p><p>\u00c9veil n\u2019est pas un shooting. C\u2019est un cheminement en douceur vers l\u2019acceptation, la confiance, la lumi\u00e8re int\u00e9rieure.<\/p><h5>prestation<\/h5><p>Se red\u00e9couvrir \u00e0 travers l\u2019image.<br \/>Un accompagnement photographique en 3 s\u00e9ances, pour renouer en douceur avec votre image et votre beaut\u00e9 int\u00e9rieure.<br \/>Ce que comprend le parcours :<br \/>\u2013 1 appel de pr\u00e9paration (30 min)<br \/>\u2013 S\u00e9ance 1 : 1h d\u2019\u00e9change + 1h30 de shooting en ext\u00e9rieur naturel<br \/>\u2013 S\u00e9ance 2 &amp; 3 : 1h30 chacune, espac\u00e9es dans le temps<br \/>\u2013 Un lieu choisi ensemble pour chaque \u00e9tape<br \/>\u2013 Un suivi personnalis\u00e9 entre chaque s\u00e9ance<br \/>\u2013 D\u00e9briefings apr\u00e8s chaque shooting<br \/>\u2013 Un regard bienveillant sur votre \u00e9volution, votre lumi\u00e8re, votre transformation<\/p><h5>Tarif : 590 \u20ac*<\/h5><p><em>*Possibilit\u00e9 de r\u00e9gler en plusieurs fois<\/em><\/p>\t\t\t\t\t\t\t\t<\/div>\n\t\t\t\t<\/div>\n\t\t\t\t<\/div>\n\t\t<div class=\"elementor-element elementor-element-04d2ba1 e-grid e-con-boxed e-con e-parent\" data-id=\"04d2ba1\" data-element_type=\"container\" data-e-type=\"container\">\n\t\t\t\t\t<div class=\"e-con-inner\">\n\t\t\t\t<div class=\"elementor-element elementor-element-90a8012 elementor-widget elementor-widget-image\" data-id=\"90a8012\" data-element_type=\"widget\" data-e-type=\"widget\" data-widget_type=\"image.default\">\n\t\t\t\t\t\t\t\t\t\t\t\t\t\t\t<img fetchpriority=\"high\" decoding=\"async\" width=\"683\" height=\"1024\" src=\"https:\/\/i0.wp.com\/jeanchristopheromera-photographie.com\/wp-content\/uploads\/2025\/06\/shooting_portrait_eveil-5.jpg?fit=683%2C1024&amp;ssl=1\" class=\"attachment-large size-large wp-image-1951\" alt=\"shooting_portrait_eveil (5)\" srcset=\"https:\/\/i0.wp.com\/jeanchristopheromera-photographie.com\/wp-content\/uploads\/2025\/06\/shooting_portrait_eveil-5.jpg?w=1667&amp;ssl=1 1667w, https:\/\/i0.wp.com\/jeanchristopheromera-photographie.com\/wp-content\/uploads\/2025\/06\/shooting_portrait_eveil-5.jpg?resize=200%2C300&amp;ssl=1 200w, https:\/\/i0.wp.com\/jeanchristopheromera-photographie.com\/wp-content\/uploads\/2025\/06\/shooting_portrait_eveil-5.jpg?resize=683%2C1024&amp;ssl=1 683w, https:\/\/i0.wp.com\/jeanchristopheromera-photographie.com\/wp-content\/uploads\/2025\/06\/shooting_portrait_eveil-5.jpg?resize=768%2C1152&amp;ssl=1 768w, https:\/\/i0.wp.com\/jeanchristopheromera-photographie.com\/wp-content\/uploads\/2025\/06\/shooting_portrait_eveil-5.jpg?resize=1024%2C1536&amp;ssl=1 1024w, https:\/\/i0.wp.com\/jeanchristopheromera-photographie.com\/wp-content\/uploads\/2025\/06\/shooting_portrait_eveil-5.jpg?resize=1366%2C2048&amp;ssl=1 1366w, https:\/\/i0.wp.com\/jeanchristopheromera-photographie.com\/wp-content\/uploads\/2025\/06\/shooting_portrait_eveil-5.jpg?resize=854%2C1280&amp;ssl=1 854w, https:\/\/i0.wp.com\/jeanchristopheromera-photographie.com\/wp-content\/uploads\/2025\/06\/shooting_portrait_eveil-5.jpg?resize=800%2C1200&amp;ssl=1 800w, https:\/\/i0.wp.com\/jeanchristopheromera-photographie.com\/wp-content\/uploads\/2025\/06\/shooting_portrait_eveil-5.jpg?resize=960%2C1440&amp;ssl=1 960w\" sizes=\"(max-width: 683px) 100vw, 683px\" \/>\t\t\t\t\t\t\t\t\t\t\t\t\t\t\t<\/div>\n\t\t\t\t<div class=\"elementor-element elementor-element-6bba6bd elementor-widget elementor-widget-image\" data-id=\"6bba6bd\" data-element_type=\"widget\" data-e-type=\"widget\" data-widget_type=\"image.default\">\n\t\t\t\t\t\t\t\t\t\t\t\t\t\t\t<img decoding=\"async\" width=\"683\" height=\"1024\" src=\"https:\/\/i0.wp.com\/jeanchristopheromera-photographie.com\/wp-content\/uploads\/2025\/06\/shooting_portrait_eveil-4.jpg?fit=683%2C1024&amp;ssl=1\" class=\"attachment-large size-large wp-image-1950\" alt=\"shooting_portrait_eveil (4)\" srcset=\"https:\/\/i0.wp.com\/jeanchristopheromera-photographie.com\/wp-content\/uploads\/2025\/06\/shooting_portrait_eveil-4.jpg?w=1667&amp;ssl=1 1667w, https:\/\/i0.wp.com\/jeanchristopheromera-photographie.com\/wp-content\/uploads\/2025\/06\/shooting_portrait_eveil-4.jpg?resize=200%2C300&amp;ssl=1 200w, https:\/\/i0.wp.com\/jeanchristopheromera-photographie.com\/wp-content\/uploads\/2025\/06\/shooting_portrait_eveil-4.jpg?resize=683%2C1024&amp;ssl=1 683w, https:\/\/i0.wp.com\/jeanchristopheromera-photographie.com\/wp-content\/uploads\/2025\/06\/shooting_portrait_eveil-4.jpg?resize=768%2C1152&amp;ssl=1 768w, https:\/\/i0.wp.com\/jeanchristopheromera-photographie.com\/wp-content\/uploads\/2025\/06\/shooting_portrait_eveil-4.jpg?resize=1024%2C1536&amp;ssl=1 1024w, https:\/\/i0.wp.com\/jeanchristopheromera-photographie.com\/wp-content\/uploads\/2025\/06\/shooting_portrait_eveil-4.jpg?resize=1366%2C2048&amp;ssl=1 1366w, https:\/\/i0.wp.com\/jeanchristopheromera-photographie.com\/wp-content\/uploads\/2025\/06\/shooting_portrait_eveil-4.jpg?resize=854%2C1280&amp;ssl=1 854w, https:\/\/i0.wp.com\/jeanchristopheromera-photographie.com\/wp-content\/uploads\/2025\/06\/shooting_portrait_eveil-4.jpg?resize=800%2C1200&amp;ssl=1 800w, https:\/\/i0.wp.com\/jeanchristopheromera-photographie.com\/wp-content\/uploads\/2025\/06\/shooting_portrait_eveil-4.jpg?resize=960%2C1440&amp;ssl=1 960w\" sizes=\"(max-width: 683px) 100vw, 683px\" \/>\t\t\t\t\t\t\t\t\t\t\t\t\t\t\t<\/div>\n\t\t\t\t<div class=\"elementor-element elementor-element-cd804b3 elementor-widget elementor-widget-image\" data-id=\"cd804b3\" data-element_type=\"widget\" data-e-type=\"widget\" data-widget_type=\"image.default\">\n\t\t\t\t\t\t\t\t\t\t\t\t\t\t\t<img decoding=\"async\" width=\"683\" height=\"1024\" src=\"https:\/\/i0.wp.com\/jeanchristopheromera-photographie.com\/wp-content\/uploads\/2025\/06\/shooting_portrait_eveil-6.jpg?fit=683%2C1024&amp;ssl=1\" class=\"attachment-large size-large wp-image-1952\" alt=\"shooting_portrait_eveil (6)\" srcset=\"https:\/\/i0.wp.com\/jeanchristopheromera-photographie.com\/wp-content\/uploads\/2025\/06\/shooting_portrait_eveil-6.jpg?w=1667&amp;ssl=1 1667w, https:\/\/i0.wp.com\/jeanchristopheromera-photographie.com\/wp-content\/uploads\/2025\/06\/shooting_portrait_eveil-6.jpg?resize=200%2C300&amp;ssl=1 200w, https:\/\/i0.wp.com\/jeanchristopheromera-photographie.com\/wp-content\/uploads\/2025\/06\/shooting_portrait_eveil-6.jpg?resize=683%2C1024&amp;ssl=1 683w, https:\/\/i0.wp.com\/jeanchristopheromera-photographie.com\/wp-content\/uploads\/2025\/06\/shooting_portrait_eveil-6.jpg?resize=768%2C1152&amp;ssl=1 768w, https:\/\/i0.wp.com\/jeanchristopheromera-photographie.com\/wp-content\/uploads\/2025\/06\/shooting_portrait_eveil-6.jpg?resize=1024%2C1536&amp;ssl=1 1024w, https:\/\/i0.wp.com\/jeanchristopheromera-photographie.com\/wp-content\/uploads\/2025\/06\/shooting_portrait_eveil-6.jpg?resize=1366%2C2048&amp;ssl=1 1366w, https:\/\/i0.wp.com\/jeanchristopheromera-photographie.com\/wp-content\/uploads\/2025\/06\/shooting_portrait_eveil-6.jpg?resize=854%2C1280&amp;ssl=1 854w, https:\/\/i0.wp.com\/jeanchristopheromera-photographie.com\/wp-content\/uploads\/2025\/06\/shooting_portrait_eveil-6.jpg?resize=800%2C1200&amp;ssl=1 800w, https:\/\/i0.wp.com\/jeanchristopheromera-photographie.com\/wp-content\/uploads\/2025\/06\/shooting_portrait_eveil-6.jpg?resize=960%2C1440&amp;ssl=1 960w\" sizes=\"(max-width: 683px) 100vw, 683px\" \/>\t\t\t\t\t\t\t\t\t\t\t\t\t\t\t<\/div>\n\t\t\t\t\t<\/div>\n\t\t\t\t<\/div>\n\t\t\t\t<section class=\"elementor-section elementor-top-section elementor-element elementor-element-5ca067c elementor-section-boxed elementor-section-height-default elementor-section-height-default\" data-id=\"5ca067c\" data-element_type=\"section\" data-e-type=\"section\">\n\t\t\t\t\t\t<div class=\"elementor-container elementor-column-gap-default\">\n\t\t\t\t\t<div class=\"elementor-column elementor-col-100 elementor-top-column elementor-element elementor-element-49aadcf6\" data-id=\"49aadcf6\" data-element_type=\"column\" data-e-type=\"column\">\n\t\t\t<div class=\"elementor-widget-wrap elementor-element-populated\">\n\t\t\t\t\t\t<div class=\"elementor-element elementor-element-7e537933 shadowcore-infocard-layout--horizontal shadowcore-caption-above--yes shadowcore-swap-head--no shadowcore-swap-cotent--no elementor-widget elementor-widget-shadow-info-card-grid\" data-id=\"7e537933\" data-element_type=\"widget\" data-e-type=\"widget\" data-widget_type=\"shadow-info-card-grid.default\">\n\t\t\t\t<div class=\"elementor-widget-container\">\n\t\t\t\t\t\t\t<div class=\"shadowcore-service-card-grid\">\n\t\t\t\t\t<div class=\"shadowcore-service-card\">\n\t\t\t\t<div class=\"shadowcore-service-card__head\">\n\t\t\t\t\t<div class=\"shadowcore-service-card__image\">\n\t\t\t\t\t\t<div class=\"shadowcore-gallery-image shadowcore-div-image\" data-src=\"https:\/\/i0.wp.com\/jeanchristopheromera-photographie.com\/wp-content\/uploads\/2025\/06\/shooting_portraits_eclat-4.jpg?fit=1024%2C683&#038;ssl=1\">\n\t\t\t\t\t\t\t\t\t\t\t\t\t\t<img \n\t\t\t\t\t\t\t\tsrc=\"data:image\/svg+xml,%3Csvg%20xmlns='http:\/\/www.w3.org\/2000\/svg'%20viewBox='0%200%20512%20512'%3E%3C\/svg%3E\"\n\t\t\t\t\t\t\t\talt=\"shooting_portraits_eclat (4)\">\n\t\t\t\t\t\t\t\t\t\t\t\t\t<\/div>\n\t\t\t\t\t<\/div>\n\t\t\t\t\t<div class=\"shadowcore-service-card__label\">\n\t\t\t\t\t\t<span> Une s\u00e9ance \u00e9l\u00e9gante et lumineuse pour r\u00e9v\u00e9ler votre sensualit\u00e9<\/span>\n\t\t\t\t\t\t\u00c9CLAT \u2013 Osez briller\t\t\t\t\t\t<span> Une s\u00e9ance \u00e9l\u00e9gante et lumineuse pour r\u00e9v\u00e9ler votre sensualit\u00e9<\/span>\n\t\t\t\t\t<\/div>\n\t\t\t\t<\/div><!-- .shadowcore-service-card__head -->\n\t\t\t\t<div class=\"shadowcore-service-card__content\">\n\t\t\t\t\tVous avez en vous une lumi\u00e8re que vous ne voyez peut-\u00eatre pas encore.\n Une \u00e9l\u00e9gance naturelle, une sensualit\u00e9 douce, une puissance tranquille.\n La s\u00e9ance \u00c9clat, c\u2019est un moment pour vous \u2014 pour vous reconnecter \u00e0 ce feu int\u00e9rieur, celui qui vous rend unique...\t\t\t\t\t\n\t\t\t\t\t\t<div class=\"shadowcore-service-card__link\">\n\t\t\t\t\t\t\t<a href=\"index.php\/eclat\/\" target=\"_self\"  class=\"shadowcore-service-card__link--text\">VOIR L&#039;OFFRE DE SHOOTING<\/a>\n\t\t\t\t\t\t<\/div>\t\t\t\t<\/div><!-- .shadowcore-service-card__content -->\n\t\t\t\t\t\t\t<\/div><!-- .shadowcore-service-card -->\n\t\t\t\t\t\t<div class=\"shadowcore-service-card\">\n\t\t\t\t<div class=\"shadowcore-service-card__head\">\n\t\t\t\t\t<div class=\"shadowcore-service-card__image\">\n\t\t\t\t\t\t<div class=\"shadowcore-gallery-image shadowcore-div-image\" data-src=\"https:\/\/i0.wp.com\/jeanchristopheromera-photographie.com\/wp-content\/uploads\/2025\/06\/Couv_envol.jpg?fit=683%2C1024&#038;ssl=1\">\n\t\t\t\t\t\t\t\t\t\t\t\t\t\t<img \n\t\t\t\t\t\t\t\tsrc=\"data:image\/svg+xml,%3Csvg%20xmlns='http:\/\/www.w3.org\/2000\/svg'%20viewBox='0%200%20512%20512'%3E%3C\/svg%3E\"\n\t\t\t\t\t\t\t\talt=\"Couv_envol\">\n\t\t\t\t\t\t\t\t\t\t\t\t\t<\/div>\n\t\t\t\t\t<\/div>\n\t\t\t\t\t<div class=\"shadowcore-service-card__label\">\n\t\t\t\t\t\t<span>Un accompagnement bienveillant pour affirmer votre regard et trouver votre voie<\/span>\n\t\t\t\t\t\t L\u2019ENVOL \u2013 Coaching photographique\t\t\t\t\t\t<span>Un accompagnement bienveillant pour affirmer votre regard et trouver votre voie<\/span>\n\t\t\t\t\t<\/div>\n\t\t\t\t<\/div><!-- .shadowcore-service-card__head -->\n\t\t\t\t<div class=\"shadowcore-service-card__content\">\n\t\t\t\t\t Vous aimez la photo, mais vous doutez parfois de vous. Vous cherchez votre style, votre direction, votre \u00e9lan.\n L\u2019Envol est un coaching pens\u00e9 pour vous \u2014 photographes en herbe ou passionn\u00e9\u00b7es en qu\u00eate de sens.\t\t\t\t\t\n\t\t\t\t\t\t<div class=\"shadowcore-service-card__link\">\n\t\t\t\t\t\t\t<a href=\"index.php\/envol\/\" target=\"_self\"  class=\"shadowcore-service-card__link--text\">VOIR L&#039;OFFRE DE FORMATION<\/a>\n\t\t\t\t\t\t<\/div>\t\t\t\t<\/div><!-- .shadowcore-service-card__content -->\n\t\t\t\t\t\t\t<\/div><!-- .shadowcore-service-card -->\n\t\t\t\t\t<\/div><!-- .shadowcore-service-card-grid -->\n\t\t\t\t\t\t<\/div>\n\t\t\t\t<\/div>\n\t\t\t\t\t<\/div>\n\t\t<\/div>\n\t\t\t\t\t<\/div>\n\t\t<\/section>\n\t\t\t\t<\/div>\n\t\t","protected":false},"excerpt":{"rendered":"<p>&#8220;Un chemin de confiance, de lib\u00e9rationet de reconnexion \u00e0 soi.&#8221; (Re)d\u00e9couvrez votre beaut\u00e9. Une s\u00e9ance-photo comme un retour \u00e0 vous-m\u00eame \u00c9VEIL \u2013 Se red\u00e9couvrir \u00e0 travers l\u2019image (Re)d\u00e9couvrez votre beaut\u00e9. Une s\u00e9ance-photo comme un retour \u00e0 vous-m\u00eame Il y a parfois un \u00e9cart entre ce qu\u2019on est\u2026 et ce qu\u2019on voit de soi.On oublie sa&#8230;<\/p>\n","protected":false},"author":2,"featured_media":0,"parent":0,"menu_order":0,"comment_status":"closed","ping_status":"closed","template":"","meta":{"jetpack_post_was_ever_published":false,"footnotes":""},"class_list":["post-1504","page","type-page","status-publish","hentry"],"jetpack_sharing_enabled":true,"_links":{"self":[{"href":"https:\/\/jeanchristopheromera-photographie.com\/index.php\/wp-json\/wp\/v2\/pages\/1504","targetHints":{"allow":["GET"]}}],"collection":[{"href":"https:\/\/jeanchristopheromera-photographie.com\/index.php\/wp-json\/wp\/v2\/pages"}],"about":[{"href":"https:\/\/jeanchristopheromera-photographie.com\/index.php\/wp-json\/wp\/v2\/types\/page"}],"author":[{"embeddable":true,"href":"https:\/\/jeanchristopheromera-photographie.com\/index.php\/wp-json\/wp\/v2\/users\/2"}],"replies":[{"embeddable":true,"href":"https:\/\/jeanchristopheromera-photographie.com\/index.php\/wp-json\/wp\/v2\/comments?post=1504"}],"version-history":[{"count":82,"href":"https:\/\/jeanchristopheromera-photographie.com\/index.php\/wp-json\/wp\/v2\/pages\/1504\/revisions"}],"predecessor-version":[{"id":2152,"href":"https:\/\/jeanchristopheromera-photographie.com\/index.php\/wp-json\/wp\/v2\/pages\/1504\/revisions\/2152"}],"wp:attachment":[{"href":"https:\/\/jeanchristopheromera-photographie.com\/index.php\/wp-json\/wp\/v2\/media?parent=1504"}],"curies":[{"name":"wp","href":"https:\/\/api.w.org\/{rel}","templated":true}]}}